{"id":1967,"date":"2022-04-13T08:52:26","date_gmt":"2022-04-13T08:52:26","guid":{"rendered":"https:\/\/contratacion.sevillacityoffice.es\/procedimiento-de-canal-de-denuncia\/"},"modified":"2022-09-07T07:06:57","modified_gmt":"2022-09-07T07:06:57","slug":"procedimiento-de-canal-de-denuncia","status":"publish","type":"page","link":"https:\/\/contratacion.sevillacityoffice.es\/en\/procedimiento-de-canal-de-denuncia\/","title":{"rendered":"Procedimiento de canal de denuncia"},"content":{"rendered":"\t\t<div data-elementor-type=\"wp-page\" data-elementor-id=\"1967\" class=\"elementor elementor-1967\" data-elementor-post-type=\"page\">\n\t\t\t\t\t\t<section class=\"elementor-section elementor-top-section elementor-element elementor-element-fe46770 elementor-section-boxed elementor-section-height-default elementor-section-height-default\" data-id=\"fe46770\" data-element_type=\"section\" data-e-type=\"section\">\n\t\t\t\t\t\t<div class=\"elementor-container elementor-column-gap-default\">\n\t\t\t\t\t<div class=\"elementor-column elementor-col-100 elementor-top-column elementor-element elementor-element-489419e\" data-id=\"489419e\" data-element_type=\"column\" data-e-type=\"column\">\n\t\t\t<div class=\"elementor-widget-wrap elementor-element-populated\">\n\t\t\t\t\t\t<div class=\"elementor-element elementor-element-e62c37e elementor-widget elementor-widget-text-editor\" data-id=\"e62c37e\" data-element_type=\"widget\" data-e-type=\"widget\" data-widget_type=\"text-editor.default\">\n\t\t\t\t<div class=\"elementor-widget-container\">\n\t\t\t\t\t\t\t\t\t<p>Bienvenido\/a al Canal de Cumplimiento de\u00a0<strong>CONTURSA<\/strong>.<\/p><p>El presente Canal tiene como objetivo constituir un mecanismo eficaz de comunicaci\u00f3n para que a trav\u00e9s de la colaboraci\u00f3n de todas aquellas personas que se relacionan con nosotros, se puedan detectar aquellas pr\u00e1cticas irregulares o il\u00edcitas que contravengan los valores y principios establecidos en nuestro\u00a0<strong>C\u00f3digo de Conducta<\/strong>\u00a0o en el C\u00f3digo Penal.<\/p><p>La formulaci\u00f3n de denuncias se realizar\u00e1 de acuerdo con lo previsto con el\u00a0<strong>C\u00f3digo de Conducta<\/strong>\u00a0de\u00a0<strong>CONTURSA<\/strong>\u00a0y, en todo caso, con sujeci\u00f3n a lo establecido en el Procedimiento de Uso del Canal de Denuncias.<br \/>En el caso de que su reclamaci\u00f3n se refiera a hechos ajenos o no relacionados con este canal se remitir\u00e1 al departamento correspondiente o, en su caso, se archivar\u00e1 autom\u00e1ticamente.<\/p><p>Las comunicaciones planteadas a trav\u00e9s del Canal de Cumplimiento deber\u00e1n realizarse siempre de buena fe, garantizando en todo momento la confidencialidad.<\/p><p>Para comunicar una denuncia rellene el formulario y pulse\u00a0<strong>enviar<\/strong>.<\/p><p><a href=\"https:\/\/contratacion.sevillacityoffice.es\/procedimiento-de-uso-del-canal-de-denuncias\/\"><strong>Procedimiento de uso de canal de denuncias<\/strong><\/a><\/p>\t\t\t\t\t\t\t\t<\/div>\n\t\t\t\t<\/div>\n\t\t\t\t<div class=\"elementor-element elementor-element-e1812e4 elementor-button-align-stretch elementor-widget elementor-widget-form\" data-id=\"e1812e4\" data-element_type=\"widget\" data-e-type=\"widget\" data-settings=\"{&quot;button_width&quot;:&quot;25&quot;,&quot;step_next_label&quot;:&quot;Siguiente&quot;,&quot;step_previous_label&quot;:&quot;Anterior&quot;,&quot;button_width_tablet&quot;:&quot;50&quot;,&quot;button_width_mobile&quot;:&quot;40&quot;,&quot;step_type&quot;:&quot;number_text&quot;,&quot;step_icon_shape&quot;:&quot;circle&quot;}\" data-widget_type=\"form.default\">\n\t\t\t\t<div class=\"elementor-widget-container\">\n\t\t\t\t\t\t\t<form class=\"elementor-form\" method=\"post\" id=\"formNewsletter\" name=\"Formulario denuncia\" aria-label=\"Formulario denuncia\">\n\t\t\t<input type=\"hidden\" name=\"post_id\" value=\"1967\"\/>\n\t\t\t<input type=\"hidden\" name=\"form_id\" value=\"e1812e4\"\/>\n\t\t\t<input type=\"hidden\" name=\"referer_title\" value=\"Contrataci&oacute;n &#8211; Sevilla City Office\" \/>\n\n\t\t\t\n\t\t\t<div class=\"elementor-form-fields-wrapper elementor-labels-\">\n\t\t\t\t\t\t\t\t<div class=\"elementor-field-type-text elementor-field-group elementor-column elementor-field-group-nombre elementor-col-100 elementor-field-required\">\n\t\t\t\t\t\t\t\t\t\t\t\t<label for=\"form-field-nombre\" class=\"elementor-field-label elementor-screen-only\">\n\t\t\t\t\t\t\t\tNombre y apellidos del denunciante\t\t\t\t\t\t\t<\/label>\n\t\t\t\t\t\t\t\t\t\t\t\t\t\t<input size=\"1\" type=\"text\" name=\"form_fields[nombre]\" id=\"form-field-nombre\" class=\"elementor-field elementor-size-sm  elementor-field-textual\" placeholder=\"Nombre y apellidos del denunciante\" required=\"required\">\n\t\t\t\t\t\t\t\t\t\t\t<\/div>\n\t\t\t\t\t\t\t\t<div class=\"elementor-field-type-email elementor-field-group elementor-column elementor-field-group-email elementor-col-100 elementor-field-required\">\n\t\t\t\t\t\t\t\t\t\t\t\t<label for=\"form-field-email\" class=\"elementor-field-label elementor-screen-only\">\n\t\t\t\t\t\t\t\tEmail del denunciante\t\t\t\t\t\t\t<\/label>\n\t\t\t\t\t\t\t\t\t\t\t\t\t\t<input size=\"1\" type=\"email\" name=\"form_fields[email]\" id=\"form-field-email\" class=\"elementor-field elementor-size-sm  elementor-field-textual\" placeholder=\"Email del denunciante\" required=\"required\">\n\t\t\t\t\t\t\t\t\t\t\t<\/div>\n\t\t\t\t\t\t\t\t<div class=\"elementor-field-type-text elementor-field-group elementor-column elementor-field-group-field_4004f49 elementor-col-100 elementor-field-required\">\n\t\t\t\t\t\t\t\t\t\t\t\t<label for=\"form-field-field_4004f49\" class=\"elementor-field-label elementor-screen-only\">\n\t\t\t\t\t\t\t\tDpto. al que pertenece el denunciante (Colaboradores, proveedores o clientes indicar\u00e1n la empresa o entidad a la que pertenecen):\t\t\t\t\t\t\t<\/label>\n\t\t\t\t\t\t\t\t\t\t\t\t\t\t<input size=\"1\" type=\"text\" name=\"form_fields[field_4004f49]\" id=\"form-field-field_4004f49\" class=\"elementor-field elementor-size-sm  elementor-field-textual\" placeholder=\"Dpto. al que pertenece el denunciante (Colaboradores, proveedores o clientes indicar\u00e1n la empresa o entidad a la que pertenecen):\" required=\"required\">\n\t\t\t\t\t\t\t\t\t\t\t<\/div>\n\t\t\t\t\t\t\t\t<div class=\"elementor-field-type-text elementor-field-group elementor-column elementor-field-group-field_5de884a elementor-col-100 elementor-field-required\">\n\t\t\t\t\t\t\t\t\t\t\t\t<label for=\"form-field-field_5de884a\" class=\"elementor-field-label elementor-screen-only\">\n\t\t\t\t\t\t\t\tDirecci\u00f3n o medio a efectos de notificaciones elegido por el denunciante (correo electr\u00f3nico, correo postal, tel\u00e9fono):\t\t\t\t\t\t\t<\/label>\n\t\t\t\t\t\t\t\t\t\t\t\t\t\t<input size=\"1\" type=\"text\" name=\"form_fields[field_5de884a]\" id=\"form-field-field_5de884a\" class=\"elementor-field elementor-size-sm  elementor-field-textual\" placeholder=\"Direcci\u00f3n o medio a efectos de notificaciones elegido por el denunciante (correo electr\u00f3nico, correo postal, tel\u00e9fono):\" required=\"required\">\n\t\t\t\t\t\t\t\t\t\t\t<\/div>\n\t\t\t\t\t\t\t\t<div class=\"elementor-field-type-text elementor-field-group elementor-column elementor-field-group-field_9f4af1e elementor-col-100 elementor-field-required\">\n\t\t\t\t\t\t\t\t\t\t\t\t<label for=\"form-field-field_9f4af1e\" class=\"elementor-field-label elementor-screen-only\">\n\t\t\t\t\t\t\t\tNombre y apellidos de la persona denunciada:\t\t\t\t\t\t\t<\/label>\n\t\t\t\t\t\t\t\t\t\t\t\t\t\t<input size=\"1\" type=\"text\" name=\"form_fields[field_9f4af1e]\" id=\"form-field-field_9f4af1e\" class=\"elementor-field elementor-size-sm  elementor-field-textual\" placeholder=\"Nombre y apellidos de la persona denunciada:\" required=\"required\">\n\t\t\t\t\t\t\t\t\t\t\t<\/div>\n\t\t\t\t\t\t\t\t<div class=\"elementor-field-type-textarea elementor-field-group elementor-column elementor-field-group-field_105ea16 elementor-col-100\">\n\t\t\t\t\t\t\t\t\t\t\t\t<label for=\"form-field-field_105ea16\" class=\"elementor-field-label elementor-screen-only\">\n\t\t\t\t\t\t\t\tDescriba en qu\u00e9 consiste su denuncia, quienes son las personas implicadas, qu\u00e9 \u00e1reas o departamentos est\u00e1n afectadas, medios que han servido para realizar la conducta y todos aquellos datos que considere relevantes.\t\t\t\t\t\t\t<\/label>\n\t\t\t\t\t\t<textarea class=\"elementor-field-textual elementor-field  elementor-size-sm\" name=\"form_fields[field_105ea16]\" id=\"form-field-field_105ea16\" rows=\"8\" placeholder=\"Describa en qu\u00e9 consiste su denuncia, quienes son las personas implicadas, qu\u00e9 \u00e1reas o departamentos est\u00e1n afectadas, medios que han servido para realizar la conducta y todos aquellos datos que considere relevantes.\"><\/textarea>\t\t\t\t<\/div>\n\t\t\t\t\t\t\t\t<div class=\"elementor-field-type-text elementor-field-group elementor-column elementor-field-group-field_20ac463 elementor-col-100 elementor-field-required\">\n\t\t\t\t\t\t\t\t\t\t\t\t<label for=\"form-field-field_20ac463\" class=\"elementor-field-label elementor-screen-only\">\n\t\t\t\t\t\t\t\tFecha aproximada de los hechos denunciados:\t\t\t\t\t\t\t<\/label>\n\t\t\t\t\t\t\t\t\t\t\t\t\t\t<input size=\"1\" type=\"text\" name=\"form_fields[field_20ac463]\" id=\"form-field-field_20ac463\" class=\"elementor-field elementor-size-sm  elementor-field-textual\" placeholder=\"Fecha aproximada de los hechos denunciados:\" required=\"required\">\n\t\t\t\t\t\t\t\t\t\t\t<\/div>\n\t\t\t\t\t\t\t\t<div class=\"elementor-field-type-upload elementor-field-group elementor-column elementor-field-group-field_dc4a643 elementor-col-100\">\n\t\t\t\t\t\t\t\t\t\t\t\t<label for=\"form-field-field_dc4a643\" class=\"elementor-field-label elementor-screen-only\">\n\t\t\t\t\t\t\t\tEn su caso, adjuntar la documentaci\u00f3n en la que se basa la denuncia.\t\t\t\t\t\t\t<\/label>\n\t\t\t\t\t\t\t\t<input type=\"file\" name=\"form_fields[field_dc4a643]\" id=\"form-field-field_dc4a643\" class=\"elementor-field elementor-size-sm  elementor-upload-field\">\n\n\t\t\t\t\t\t<\/div>\n\t\t\t\t\t\t\t\t<div class=\"elementor-field-type-acceptance elementor-field-group elementor-column elementor-field-group-terminos elementor-col-100 elementor-field-required\">\n\t\t\t\t\t\t\t<div class=\"elementor-field-subgroup\">\n\t\t\t<span class=\"elementor-field-option\">\n\t\t\t\t<input type=\"checkbox\" name=\"form_fields[terminos]\" id=\"form-field-terminos\" class=\"elementor-field elementor-size-sm  elementor-acceptance-field\" required=\"required\">\n\t\t\t\t<label for=\"form-field-terminos\">Manifiesto que la presente comunicaci\u00f3n la realizo de buena fe y que, salvo error u omisi\u00f3n involuntaria, los datos consignados son ciertos.\nManifiesto que presto mi consentimiento y conozco el tratamiento que podr\u00e1 darse a los datos consignados en la presente comunicaci\u00f3n y el contenido del \u201cProcedimiento de Uso del Canal de Denuncias\u201d.<\/label>\t\t\t<\/span>\n\t\t<\/div>\n\t\t\t\t\t\t<\/div>\n\t\t\t\t\t\t\t\t<div class=\"elementor-field-type-text\">\n\t\t\t\t\t<input size=\"1\" type=\"text\" name=\"form_fields[field_b144430]\" id=\"form-field-field_b144430\" class=\"elementor-field elementor-size-sm \" style=\"display:none !important;\">\t\t\t\t<\/div>\n\t\t\t\t\t\t\t\t<div class=\"elementor-field-group elementor-column elementor-field-type-submit elementor-col-25 e-form__buttons elementor-md-50 elementor-sm-40\">\n\t\t\t\t\t<button class=\"elementor-button elementor-size-sm\" type=\"submit\">\n\t\t\t\t\t\t<span class=\"elementor-button-content-wrapper\">\n\t\t\t\t\t\t\t\t\t\t\t\t\t\t\t\t\t\t\t\t\t\t<span class=\"elementor-button-text\">ENVIAR<\/span>\n\t\t\t\t\t\t\t\t\t\t\t\t\t<\/span>\n\t\t\t\t\t<\/button>\n\t\t\t\t<\/div>\n\t\t\t<\/div>\n\t\t<\/form>\n\t\t\t\t\t\t<\/div>\n\t\t\t\t<\/div>\n\t\t\t\t\t<\/div>\n\t\t<\/div>\n\t\t\t\t\t<\/div>\n\t\t<\/section>\n\t\t\t\t<\/div>\n\t\t","protected":false},"excerpt":{"rendered":"<p>Bienvenido\/a al Canal de Cumplimiento de\u00a0CONTURSA. El presente Canal tiene como objetivo constituir un mecanismo eficaz de comunicaci\u00f3n para que a trav\u00e9s de la colaboraci\u00f3n de todas aquellas personas que se relacionan con nosotros, se puedan detectar aquellas pr\u00e1cticas irregulares o il\u00edcitas que contravengan los valores y principios establecidos en nuestro\u00a0C\u00f3digo de Conducta\u00a0o en el [&hellip;]<\/p>\n","protected":false},"author":23,"featured_media":1468,"parent":0,"menu_order":0,"comment_status":"closed","ping_status":"closed","template":"","meta":{"footnotes":""},"class_list":["post-1967","page","type-page","status-publish","has-post-thumbnail","hentry"],"acf":[],"yoast_head":"<!-- This site is optimized with the Yoast SEO plugin v27.3 - https:\/\/yoast.com\/product\/yoast-seo-wordpress\/ -->\n<title>Procedimiento de canal de denuncia - Contrataci&oacute;n - Sevilla City Office<\/title>\n<meta name=\"robots\" content=\"index, follow, max-snippet:-1, max-image-preview:large, max-video-preview:-1\" \/>\n<link rel=\"canonical\" href=\"https:\/\/contratacion.sevillacityoffice.es\/procedimiento-de-canal-de-denuncia\/\" \/>\n<meta property=\"og:locale\" content=\"en_US\" \/>\n<meta property=\"og:type\" content=\"article\" \/>\n<meta property=\"og:title\" content=\"Procedimiento de canal de denuncia - Contrataci&oacute;n - Sevilla City Office\" \/>\n<meta property=\"og:description\" content=\"Bienvenido\/a al Canal de Cumplimiento de\u00a0CONTURSA. El presente Canal tiene como objetivo constituir un mecanismo eficaz de comunicaci\u00f3n para que a trav\u00e9s de la colaboraci\u00f3n de todas aquellas personas que se relacionan con nosotros, se puedan detectar aquellas pr\u00e1cticas irregulares o il\u00edcitas que contravengan los valores y principios establecidos en nuestro\u00a0C\u00f3digo de Conducta\u00a0o en el [&hellip;]\" \/>\n<meta property=\"og:url\" content=\"https:\/\/contratacion.sevillacityoffice.es\/procedimiento-de-canal-de-denuncia\/\" \/>\n<meta property=\"og:site_name\" content=\"Contrataci&oacute;n - Sevilla City Office\" \/>\n<meta property=\"article:modified_time\" content=\"2022-09-07T07:06:57+00:00\" \/>\n<meta property=\"og:image\" content=\"https:\/\/contratacion.sevillacityoffice.es\/wp-content\/uploads\/2022\/04\/slider-frases-1.jpg\" \/>\n\t<meta property=\"og:image:width\" content=\"1920\" \/>\n\t<meta property=\"og:image:height\" content=\"920\" \/>\n\t<meta property=\"og:image:type\" content=\"image\/jpeg\" \/>\n<meta name=\"twitter:card\" content=\"summary_large_image\" \/>\n<meta name=\"twitter:label1\" content=\"Est. reading time\" \/>\n\t<meta name=\"twitter:data1\" content=\"2 minutes\" \/>\n<script type=\"application\/ld+json\" class=\"yoast-schema-graph\">{\"@context\":\"https:\\\/\\\/schema.org\",\"@graph\":[{\"@type\":\"WebPage\",\"@id\":\"https:\\\/\\\/contratacion.sevillacityoffice.es\\\/procedimiento-de-canal-de-denuncia\\\/\",\"url\":\"https:\\\/\\\/contratacion.sevillacityoffice.es\\\/procedimiento-de-canal-de-denuncia\\\/\",\"name\":\"Procedimiento de canal de denuncia - Contrataci&oacute;n - Sevilla City Office\",\"isPartOf\":{\"@id\":\"https:\\\/\\\/contratacion.sevillacityoffice.es\\\/#website\"},\"primaryImageOfPage\":{\"@id\":\"https:\\\/\\\/contratacion.sevillacityoffice.es\\\/procedimiento-de-canal-de-denuncia\\\/#primaryimage\"},\"image\":{\"@id\":\"https:\\\/\\\/contratacion.sevillacityoffice.es\\\/procedimiento-de-canal-de-denuncia\\\/#primaryimage\"},\"thumbnailUrl\":\"https:\\\/\\\/contratacion.sevillacityoffice.es\\\/wp-content\\\/uploads\\\/2022\\\/04\\\/slider-frases-1.jpg\",\"datePublished\":\"2022-04-13T08:52:26+00:00\",\"dateModified\":\"2022-09-07T07:06:57+00:00\",\"breadcrumb\":{\"@id\":\"https:\\\/\\\/contratacion.sevillacityoffice.es\\\/procedimiento-de-canal-de-denuncia\\\/#breadcrumb\"},\"inLanguage\":\"en-US\",\"potentialAction\":[{\"@type\":\"ReadAction\",\"target\":[\"https:\\\/\\\/contratacion.sevillacityoffice.es\\\/procedimiento-de-canal-de-denuncia\\\/\"]}]},{\"@type\":\"ImageObject\",\"inLanguage\":\"en-US\",\"@id\":\"https:\\\/\\\/contratacion.sevillacityoffice.es\\\/procedimiento-de-canal-de-denuncia\\\/#primaryimage\",\"url\":\"https:\\\/\\\/contratacion.sevillacityoffice.es\\\/wp-content\\\/uploads\\\/2022\\\/04\\\/slider-frases-1.jpg\",\"contentUrl\":\"https:\\\/\\\/contratacion.sevillacityoffice.es\\\/wp-content\\\/uploads\\\/2022\\\/04\\\/slider-frases-1.jpg\",\"width\":1920,\"height\":920},{\"@type\":\"BreadcrumbList\",\"@id\":\"https:\\\/\\\/contratacion.sevillacityoffice.es\\\/procedimiento-de-canal-de-denuncia\\\/#breadcrumb\",\"itemListElement\":[{\"@type\":\"ListItem\",\"position\":1,\"name\":\"Portada\",\"item\":\"https:\\\/\\\/contratacion.sevillacityoffice.es\\\/en\\\/contractor-profile\\\/\"},{\"@type\":\"ListItem\",\"position\":2,\"name\":\"Procedimiento de canal de denuncia\"}]},{\"@type\":\"WebSite\",\"@id\":\"https:\\\/\\\/contratacion.sevillacityoffice.es\\\/#website\",\"url\":\"https:\\\/\\\/contratacion.sevillacityoffice.es\\\/\",\"name\":\"Contrataci&oacute;n - Sevilla City Office\",\"description\":\"Contrataci&oacute;n - Sevilla City Office\",\"publisher\":{\"@id\":\"https:\\\/\\\/contratacion.sevillacityoffice.es\\\/#organization\"},\"potentialAction\":[{\"@type\":\"SearchAction\",\"target\":{\"@type\":\"EntryPoint\",\"urlTemplate\":\"https:\\\/\\\/contratacion.sevillacityoffice.es\\\/?s={search_term_string}\"},\"query-input\":{\"@type\":\"PropertyValueSpecification\",\"valueRequired\":true,\"valueName\":\"search_term_string\"}}],\"inLanguage\":\"en-US\"},{\"@type\":\"Organization\",\"@id\":\"https:\\\/\\\/contratacion.sevillacityoffice.es\\\/#organization\",\"name\":\"Contrataci&oacute;n - Sevilla City Office\",\"url\":\"https:\\\/\\\/contratacion.sevillacityoffice.es\\\/\",\"logo\":{\"@type\":\"ImageObject\",\"inLanguage\":\"en-US\",\"@id\":\"https:\\\/\\\/contratacion.sevillacityoffice.es\\\/#\\\/schema\\\/logo\\\/image\\\/\",\"url\":\"https:\\\/\\\/contratacion.sevillacityoffice.es\\\/wp-content\\\/uploads\\\/2023\\\/02\\\/logo-sco-b.png\",\"contentUrl\":\"https:\\\/\\\/contratacion.sevillacityoffice.es\\\/wp-content\\\/uploads\\\/2023\\\/02\\\/logo-sco-b.png\",\"width\":142,\"height\":119,\"caption\":\"Contrataci&oacute;n - Sevilla City Office\"},\"image\":{\"@id\":\"https:\\\/\\\/contratacion.sevillacityoffice.es\\\/#\\\/schema\\\/logo\\\/image\\\/\"}}]}<\/script>\n<!-- \/ Yoast SEO plugin. -->","yoast_head_json":{"title":"Procedimiento de canal de denuncia - Contrataci&oacute;n - Sevilla City Office","robots":{"index":"index","follow":"follow","max-snippet":"max-snippet:-1","max-image-preview":"max-image-preview:large","max-video-preview":"max-video-preview:-1"},"canonical":"https:\/\/contratacion.sevillacityoffice.es\/procedimiento-de-canal-de-denuncia\/","og_locale":"en_US","og_type":"article","og_title":"Procedimiento de canal de denuncia - Contrataci&oacute;n - Sevilla City Office","og_description":"Bienvenido\/a al Canal de Cumplimiento de\u00a0CONTURSA. El presente Canal tiene como objetivo constituir un mecanismo eficaz de comunicaci\u00f3n para que a trav\u00e9s de la colaboraci\u00f3n de todas aquellas personas que se relacionan con nosotros, se puedan detectar aquellas pr\u00e1cticas irregulares o il\u00edcitas que contravengan los valores y principios establecidos en nuestro\u00a0C\u00f3digo de Conducta\u00a0o en el [&hellip;]","og_url":"https:\/\/contratacion.sevillacityoffice.es\/procedimiento-de-canal-de-denuncia\/","og_site_name":"Contrataci&oacute;n - Sevilla City Office","article_modified_time":"2022-09-07T07:06:57+00:00","og_image":[{"width":1920,"height":920,"url":"https:\/\/contratacion.sevillacityoffice.es\/wp-content\/uploads\/2022\/04\/slider-frases-1.jpg","type":"image\/jpeg"}],"twitter_card":"summary_large_image","twitter_misc":{"Est. reading time":"2 minutes"},"schema":{"@context":"https:\/\/schema.org","@graph":[{"@type":"WebPage","@id":"https:\/\/contratacion.sevillacityoffice.es\/procedimiento-de-canal-de-denuncia\/","url":"https:\/\/contratacion.sevillacityoffice.es\/procedimiento-de-canal-de-denuncia\/","name":"Procedimiento de canal de denuncia - Contrataci&oacute;n - Sevilla City Office","isPartOf":{"@id":"https:\/\/contratacion.sevillacityoffice.es\/#website"},"primaryImageOfPage":{"@id":"https:\/\/contratacion.sevillacityoffice.es\/procedimiento-de-canal-de-denuncia\/#primaryimage"},"image":{"@id":"https:\/\/contratacion.sevillacityoffice.es\/procedimiento-de-canal-de-denuncia\/#primaryimage"},"thumbnailUrl":"https:\/\/contratacion.sevillacityoffice.es\/wp-content\/uploads\/2022\/04\/slider-frases-1.jpg","datePublished":"2022-04-13T08:52:26+00:00","dateModified":"2022-09-07T07:06:57+00:00","breadcrumb":{"@id":"https:\/\/contratacion.sevillacityoffice.es\/procedimiento-de-canal-de-denuncia\/#breadcrumb"},"inLanguage":"en-US","potentialAction":[{"@type":"ReadAction","target":["https:\/\/contratacion.sevillacityoffice.es\/procedimiento-de-canal-de-denuncia\/"]}]},{"@type":"ImageObject","inLanguage":"en-US","@id":"https:\/\/contratacion.sevillacityoffice.es\/procedimiento-de-canal-de-denuncia\/#primaryimage","url":"https:\/\/contratacion.sevillacityoffice.es\/wp-content\/uploads\/2022\/04\/slider-frases-1.jpg","contentUrl":"https:\/\/contratacion.sevillacityoffice.es\/wp-content\/uploads\/2022\/04\/slider-frases-1.jpg","width":1920,"height":920},{"@type":"BreadcrumbList","@id":"https:\/\/contratacion.sevillacityoffice.es\/procedimiento-de-canal-de-denuncia\/#breadcrumb","itemListElement":[{"@type":"ListItem","position":1,"name":"Portada","item":"https:\/\/contratacion.sevillacityoffice.es\/en\/contractor-profile\/"},{"@type":"ListItem","position":2,"name":"Procedimiento de canal de denuncia"}]},{"@type":"WebSite","@id":"https:\/\/contratacion.sevillacityoffice.es\/#website","url":"https:\/\/contratacion.sevillacityoffice.es\/","name":"Contrataci&oacute;n - Sevilla City Office","description":"Contrataci&oacute;n - Sevilla City Office","publisher":{"@id":"https:\/\/contratacion.sevillacityoffice.es\/#organization"},"potentialAction":[{"@type":"SearchAction","target":{"@type":"EntryPoint","urlTemplate":"https:\/\/contratacion.sevillacityoffice.es\/?s={search_term_string}"},"query-input":{"@type":"PropertyValueSpecification","valueRequired":true,"valueName":"search_term_string"}}],"inLanguage":"en-US"},{"@type":"Organization","@id":"https:\/\/contratacion.sevillacityoffice.es\/#organization","name":"Contrataci&oacute;n - Sevilla City Office","url":"https:\/\/contratacion.sevillacityoffice.es\/","logo":{"@type":"ImageObject","inLanguage":"en-US","@id":"https:\/\/contratacion.sevillacityoffice.es\/#\/schema\/logo\/image\/","url":"https:\/\/contratacion.sevillacityoffice.es\/wp-content\/uploads\/2023\/02\/logo-sco-b.png","contentUrl":"https:\/\/contratacion.sevillacityoffice.es\/wp-content\/uploads\/2023\/02\/logo-sco-b.png","width":142,"height":119,"caption":"Contrataci&oacute;n - Sevilla City Office"},"image":{"@id":"https:\/\/contratacion.sevillacityoffice.es\/#\/schema\/logo\/image\/"}}]}},"_links":{"self":[{"href":"https:\/\/contratacion.sevillacityoffice.es\/en\/wp-json\/wp\/v2\/pages\/1967","targetHints":{"allow":["GET"]}}],"collection":[{"href":"https:\/\/contratacion.sevillacityoffice.es\/en\/wp-json\/wp\/v2\/pages"}],"about":[{"href":"https:\/\/contratacion.sevillacityoffice.es\/en\/wp-json\/wp\/v2\/types\/page"}],"author":[{"embeddable":true,"href":"https:\/\/contratacion.sevillacityoffice.es\/en\/wp-json\/wp\/v2\/users\/23"}],"replies":[{"embeddable":true,"href":"https:\/\/contratacion.sevillacityoffice.es\/en\/wp-json\/wp\/v2\/comments?post=1967"}],"version-history":[{"count":0,"href":"https:\/\/contratacion.sevillacityoffice.es\/en\/wp-json\/wp\/v2\/pages\/1967\/revisions"}],"wp:featuredmedia":[{"embeddable":true,"href":"https:\/\/contratacion.sevillacityoffice.es\/en\/wp-json\/wp\/v2\/media\/1468"}],"wp:attachment":[{"href":"https:\/\/contratacion.sevillacityoffice.es\/en\/wp-json\/wp\/v2\/media?parent=1967"}],"curies":[{"name":"wp","href":"https:\/\/api.w.org\/{rel}","templated":true}]}}