{"id":1960,"date":"2022-04-12T13:09:35","date_gmt":"2022-04-12T13:09:35","guid":{"rendered":"https:\/\/contratacion.sevillacityoffice.es\/politica-de-privacidad\/"},"modified":"2022-06-10T15:33:13","modified_gmt":"2022-06-10T15:33:13","slug":"privacy-policy","status":"publish","type":"page","link":"https:\/\/contratacion.sevillacityoffice.es\/en\/privacy-policy\/","title":{"rendered":"Privacy policy"},"content":{"rendered":"\t\t<div data-elementor-type=\"wp-page\" data-elementor-id=\"1960\" class=\"elementor elementor-1960\" data-elementor-post-type=\"page\">\n\t\t\t\t\t\t<section class=\"elementor-section elementor-top-section elementor-element elementor-element-fe46770 elementor-section-boxed elementor-section-height-default elementor-section-height-default\" data-id=\"fe46770\" data-element_type=\"section\" data-e-type=\"section\">\n\t\t\t\t\t\t<div class=\"elementor-container elementor-column-gap-default\">\n\t\t\t\t\t<div class=\"elementor-column elementor-col-100 elementor-top-column elementor-element elementor-element-489419e\" data-id=\"489419e\" data-element_type=\"column\" data-e-type=\"column\">\n\t\t\t<div class=\"elementor-widget-wrap elementor-element-populated\">\n\t\t\t\t\t\t<div class=\"elementor-element elementor-element-e62c37e elementor-widget elementor-widget-text-editor\" data-id=\"e62c37e\" data-element_type=\"widget\" data-e-type=\"widget\" data-widget_type=\"text-editor.default\">\n\t\t\t\t<div class=\"elementor-widget-container\">\n\t\t\t\t\t\t\t\t\t<ol>\n<li><strong> INFORMACI\u00d3N B\u00c1SICA SOBRE PROTECCI\u00d3N DE DATOS<\/strong><\/li>\n<\/ol>\n<table width=\"536\">\n<tbody>\n<tr>\n<td width=\"119\"><strong>Sitio Web:<\/strong><\/td>\n<td width=\"418\">&nbsp;https:\/\/fibes.es<\/td>\n<\/tr>\n<tr>\n<td width=\"119\"><strong>Titular del sitio web:<\/strong><\/td>\n<td width=\"418\">\n<p>Denominaci\u00f3n social: Congresos y Turismo de Sevilla, S.A.<\/p>\n<p>NIF: A-9010929<\/p>\n<p>Registro Mercantil de Sevilla: Tomo 5832, Folio 46, Hoja 100784<\/p>\n<p>Domicilio social: Plaza Nueva 1, C.P. 41.001 (Sevilla)<\/p>\n<p>Tel\u00e9fono: 954 47 87 00<\/p>\n<p>Direcci\u00f3n de correo electr\u00f3nico: info@sevillacityoffice.es<\/p>\n<\/td>\n<\/tr>\n<tr>\n<td width=\"119\">\n<p><strong>Responsable del tratamiento de datos<\/strong><\/p>\n<p><strong>&nbsp;<\/strong><\/p>\n<p><\/p>\n<\/td>\n<td width=\"418\">Congresos y Turismo de Sevilla, S.A., cuyos datos se han hecho constar en el apartado anterior [\u201cTitular del sitio web\u201d] es responsable del tratamiento de los datos del interesado y le informamos que ser\u00e1n tratados de conformidad con lo dispuesto en el Reglamento (UE) 2016\/679 de 27 de abril de 2016 (RGPD) relativo a la protecci\u00f3n de las personas f\u00edsicas y en la Ley Org\u00e1nica 3\/2018, de 5 de diciembre (LOPDGDD), en lo que respecta al tratamiento de datos personales y a la libre circulaci\u00f3n de estos datos (la \u201c<strong>Entidad<\/strong>\u201d).<\/td>\n<\/tr>\n<tr>\n<td width=\"119\"><strong>Edad legal consentimiento<\/strong><\/td>\n<td width=\"418\">El Usuario certifica que es mayor de 14 a\u00f1os y que por lo tanto posee la capacidad legal necesaria para la prestaci\u00f3n del consentimiento en cuanto al tratamiento de sus datos de car\u00e1cter personal y todo ello, de conformidad con lo establecido en la presente Pol\u00edtica de Privacidad.<\/td>\n<\/tr>\n<tr>\n<td width=\"119\"><strong>Destinatarios<\/strong><\/td>\n<td width=\"418\">Se comunicar\u00e1n datos a terceros cuando sea estrictamente necesario para poder llevar a cabo las finalidades y servicios descritos en la presente pol\u00edtica de privacidad. En ning\u00fan caso se ceder\u00e1n datos a terceros para finalidades diferentes a las descritas en este documento.<\/td>\n<\/tr>\n<tr>\n<td width=\"119\"><strong>Derechos&nbsp;&nbsp;<\/strong><\/td>\n<td width=\"418\">Acceder, rectificar y suprimir los datos, as\u00ed como otros derechos, como se explica en la informaci\u00f3n adicional.<\/td>\n<\/tr>\n<\/tbody>\n<\/table>\n<p><strong>&nbsp;<\/strong><\/p>\n<ol start=\"2\">\n<li><strong> INFORMACI\u00d3N ADICIONAL <\/strong><\/li>\n<\/ol>\n<p><strong>2.1. &nbsp;&nbsp;&nbsp;&nbsp; Finalidad, conservaci\u00f3n y legitimaci\u00f3n para el tratamiento de datos. <\/strong><\/p>\n<p>La base legal para el tratamiento de sus datos es el consentimiento que nos otorga el Usuario al marcar la casilla en la que acepta nuestra pol\u00edtica de privacidad.<\/p>\n<table>\n<tbody>\n<tr>\n<td width=\"157\"><strong>FINALIDAD<\/strong><\/td>\n<td width=\"159\"><strong>&nbsp;CONSERVACI\u00d3N <\/strong><\/td>\n<td width=\"154\"><strong>LEGITIMACI\u00d3N<\/strong><\/td>\n<td width=\"111\"><strong>CATEGORIA DE DATOS<\/strong><\/td>\n<\/tr>\n<tr>\n<td width=\"157\"><strong>[Solicitud de informaci\u00f3n comercial]<\/strong><\/td>\n<td width=\"159\"><strong>[Los datos no se eliminar\u00e1n hasta que no sea solicitado por el interesado]<\/strong><\/td>\n<td width=\"154\"><strong>[Relaci\u00f3n contractual]<\/strong><\/td>\n<td width=\"111\"><strong>[Datos identificativos\/ Datos que aportan informaci\u00f3n comercial]<\/strong><\/td>\n<\/tr>\n<tr>\n<td width=\"157\"><strong>[Env\u00edo de Curr\u00edculum Vitae]<\/strong><\/td>\n<td width=\"159\"><strong>[datos se eliminar\u00e1n al dar por concluida la finalidad para la cual fueron recabados]<\/strong><\/td>\n<td width=\"154\"><strong>[Gesti\u00f3n de procesos de selecci\u00f3n]<\/strong><\/td>\n<td width=\"111\"><strong>[Datos identificativos\/ Caracter\u00edsticas personales\/ Detalles de empleo\/ Acad\u00e9micos y profesionales]<\/strong><\/td>\n<\/tr>\n<tr>\n<td width=\"157\"><strong>[Suscripci\u00f3n a newsletter]<\/strong><\/td>\n<td width=\"159\"><strong>[Los datos no se eliminar\u00e1n hasta que no sea solicitado por el interesado]<\/strong><\/td>\n<td width=\"154\"><strong>[env\u00edo de publicidad y promoci\u00f3n de productos y servicios de la empresa]<\/strong><\/td>\n<td width=\"111\"><strong>[Datos identificativos\/ Datos que aportan informaci\u00f3n comercial]<\/strong><\/td>\n<\/tr>\n<tr>\n<td width=\"157\"><strong>[Env\u00edo de comunicaciones comerciales, as\u00ed como invitaciones a eventos y actividades, por medios postales y electr\u00f3nicos, relacionadas con los servicios y productos comercializados en el sector de actividad de las Entidades]<\/strong><\/td>\n<td width=\"159\">\n<p><strong>&nbsp;<\/strong><\/p>\n<p><strong>\u201c&nbsp;&nbsp;&nbsp;&nbsp;&nbsp;&nbsp;&nbsp;&nbsp; \u201d<\/strong><\/p>\n<\/td>\n<td width=\"154\">\n<p><strong>&nbsp;<\/strong><\/p>\n<p><strong>\u201c&nbsp;&nbsp;&nbsp;&nbsp;&nbsp;&nbsp;&nbsp;&nbsp; \u201d<\/strong><\/p>\n<\/td>\n<td width=\"111\">\n<p><strong>&nbsp;<\/strong><\/p>\n<p><strong>\u201c&nbsp;&nbsp;&nbsp;&nbsp;&nbsp;&nbsp;&nbsp;&nbsp; \u201d<\/strong><\/p>\n<\/td>\n<\/tr>\n<\/tbody>\n<\/table>\n<p><strong>&nbsp;<\/strong><\/p>\n<p><\/p>\n<p><strong>2.2.&nbsp;&nbsp;&nbsp;&nbsp;&nbsp; Destinatarios de los datos y finalidad<\/strong><\/p>\n<table>\n<tbody>\n<tr>\n<td width=\"283\"><strong>DESTINATARIOS<\/strong><\/td>\n<td width=\"283\"><strong>FINALIDAD <\/strong><\/td>\n<\/tr>\n<tr>\n<td width=\"283\">[*]<\/td>\n<td width=\"283\">[Servicio de hosting de la p\u00e1gina web]<\/td>\n<\/tr>\n<tr>\n<td width=\"283\">[\u2026]<\/td>\n<td width=\"283\">[\u2026]<\/td>\n<\/tr>\n<\/tbody>\n<\/table>\n<p><strong><br><\/strong><\/p>\n<p><strong>2.3. Transferencia internacional de datos<\/strong><\/p>\n<p>Los datos que recopilamos o tratamos, en el contexto de nuestros sistemas de tratamiento pueden almacenarse en pa\u00edses fuera del Espacio Econ\u00f3mico Europeo (EEE). Es posible que las leyes de esos pa\u00edses no ofrezcan el mismo nivel de protecci\u00f3n de datos que el pa\u00eds en el que proporcion\u00f3 inicialmente sus datos. No obstante, cuando transferimos sus datos personales a destinatarios en otros pa\u00edses, a falta de decisi\u00f3n de adecuaci\u00f3n por parte de la Comisi\u00f3n Europea, se adoptar\u00e1n las garant\u00edas adecuadas para la protecci\u00f3n de estos datos personales, conforme la legislaci\u00f3n aplicable.<\/p>\n<p><\/p>\n<p><strong><br><\/strong><\/p>\n<p><strong>2.4. Derechos del interesado <\/strong><\/p>\n<p>Cualquier persona tiene derecho a obtener confirmaci\u00f3n sobre el tratamiento que las Entidades hacen de sus datos.<\/p>\n<p>En particular, puede comunicarse con las Entidades mediante correo postal a la direcci\u00f3n Avda. Alcalde Luis&nbsp;<span style=\"color: var( --e-global-color-secondary );\">Uru\u00f1uela, 1, 41020 Sevilla&nbsp;<\/span><span style=\"color: var( --e-global-color-secondary );\">o correo electr\u00f3nico dirigido a info@sevillacityoffice.es<\/span><span style=\"color: var( --e-global-color-secondary );\">, con la finalidad de ejercer los siguientes derechos:<\/span><\/p>\n<ul>\n<li>Derecho a solicitar el acceso a los datos personales relativos al interesado.<\/li>\n<li>Derecho a solicitar su rectificaci\u00f3n o supresi\u00f3n.<\/li>\n<li>Derecho a solicitar la limitaci\u00f3n de su tratamiento.<\/li>\n<li>&nbsp;Derecho a retirar, en cualquier momento, el consentimiento prestado al tratamiento de datos personales.<\/li>\n<li>Derecho a la portabilidad de los datos.<\/li>\n<li>Derecho a no ser objeto de decisiones basadas \u00fanicamente en el tratamiento automatizado de sus datos.<\/li>\n<\/ul>\n<p>Dado el car\u00e1cter personal\u00edsimo del ejercicio de cualquiera de estos derechos usted deber\u00e1 adjuntar a la solicitud copia de su carnet de identidad o documento acreditativo equivalente.<\/p>\n<p><span style=\"color: var( --e-global-color-secondary );\">Puede usted dirigirse al Consejo de Transparencia y Protecci\u00f3n de Datos de Andaluc\u00eda para obtener informaci\u00f3n adicional acerca de sus derechos o presentar una reclamaci\u00f3n ante la misma, especialmente cuando no haya obtenido satisfacci\u00f3n en el ejercicio de sus derechos, obteniendo toda la informaci\u00f3n necesaria para ello a trav\u00e9s de la web&nbsp;<\/span><a href=\"https:\/\/www.ctpdandalucia.es\/\" target=\"_blank\" style=\"background-color: rgb(255, 255, 255);\">www.ctpdandalucia.es<\/a><span style=\"color: var( --e-global-color-secondary );\">.<\/span><\/p>\n<p><\/p>\n<p><strong>2.5. \u00bfQu\u00e9 datos de car\u00e1cter personal recabamos a trav\u00e9s del Sitio Web?<\/strong><\/p>\n<p>Los datos facilitados por los usuarios son recabados a trav\u00e9s de su visita al Sitio Web o derivada de su interacci\u00f3n con nosotros mediante las siguientes opciones:<\/p>\n<ul>\n<li>En algunos casos, los datos de car\u00e1cter personal se obtienen de manera indirecta del usuario con finalidades meramente estad\u00edsticas para poder analizar el uso que realiza de nuestro Sitio Web mediante el uso de cookies o facilitarle servicios de valor a\u00f1adido como el mapa de ubicaci\u00f3n de nuestras oficinas (Puede consultar nuestra Pol\u00edtica de cookies en el siguiente enlace: [*]).<\/li>\n<li>En otros casos, los datos de car\u00e1cter personal son facilitados directamente por el usuario mediante los formularios de recogida de datos con las finalidades que se indiquen en cada uno de dichos formularios, cuando contacta con nosotros a trav\u00e9s de los canales habilitados, responde a encuestas, se suscribe a nuestros perfiles de redes sociales o interact\u00faa con nosotros a trav\u00e9s de dichos perfiles mediante comentarios, opiniones o compartiendo los contenidos publicados en cada perfil. Asimismo, para la participaci\u00f3n de la oferta laboral de la Sociedad.<\/li>\n<\/ul>\t\t\t\t\t\t\t\t<\/div>\n\t\t\t\t<\/div>\n\t\t\t\t\t<\/div>\n\t\t<\/div>\n\t\t\t\t\t<\/div>\n\t\t<\/section>\n\t\t\t\t<\/div>\n\t\t","protected":false},"excerpt":{"rendered":"<p>INFORMACI\u00d3N B\u00c1SICA SOBRE PROTECCI\u00d3N DE DATOS Sitio Web: \u00a0https:\/\/fibes.es Titular del sitio web: Denominaci\u00f3n social: Congresos y Turismo de Sevilla, S.A. NIF: A-9010929 Registro Mercantil de Sevilla: Tomo 5832, Folio 46, Hoja 100784 Domicilio social: Plaza Nueva 1, C.P. 41.001 (Sevilla) Tel\u00e9fono: 954 47 87 00 Direcci\u00f3n de correo electr\u00f3nico: info@sevillacityoffice.es Responsable del tratamiento de [&hellip;]<\/p>\n","protected":false},"author":23,"featured_media":1468,"parent":0,"menu_order":0,"comment_status":"closed","ping_status":"closed","template":"","meta":{"footnotes":""},"class_list":["post-1960","page","type-page","status-publish","has-post-thumbnail","hentry"],"acf":[],"yoast_head":"<!-- This site is optimized with the Yoast SEO plugin v27.5 - https:\/\/yoast.com\/product\/yoast-seo-wordpress\/ -->\n<title>Privacy policy - Contrataci&oacute;n - Sevilla City Office<\/title>\n<meta name=\"robots\" content=\"index, follow, max-snippet:-1, max-image-preview:large, max-video-preview:-1\" \/>\n<link rel=\"canonical\" href=\"https:\/\/contratacion.sevillacityoffice.es\/en\/privacy-policy\/\" \/>\n<meta property=\"og:locale\" content=\"en_US\" \/>\n<meta property=\"og:type\" content=\"article\" \/>\n<meta property=\"og:title\" content=\"Privacy policy - Contrataci&oacute;n - Sevilla City Office\" \/>\n<meta property=\"og:description\" content=\"INFORMACI\u00d3N B\u00c1SICA SOBRE PROTECCI\u00d3N DE DATOS Sitio Web: \u00a0https:\/\/fibes.es Titular del sitio web: Denominaci\u00f3n social: Congresos y Turismo de Sevilla, S.A. NIF: A-9010929 Registro Mercantil de Sevilla: Tomo 5832, Folio 46, Hoja 100784 Domicilio social: Plaza Nueva 1, C.P. 41.001 (Sevilla) Tel\u00e9fono: 954 47 87 00 Direcci\u00f3n de correo electr\u00f3nico: info@sevillacityoffice.es Responsable del tratamiento de [&hellip;]\" \/>\n<meta property=\"og:url\" content=\"https:\/\/contratacion.sevillacityoffice.es\/en\/privacy-policy\/\" \/>\n<meta property=\"og:site_name\" content=\"Contrataci&oacute;n - Sevilla City Office\" \/>\n<meta property=\"article:modified_time\" content=\"2022-06-10T15:33:13+00:00\" \/>\n<meta property=\"og:image\" content=\"https:\/\/contratacion.sevillacityoffice.es\/wp-content\/uploads\/2022\/04\/slider-frases-1.jpg\" \/>\n\t<meta property=\"og:image:width\" content=\"1920\" \/>\n\t<meta property=\"og:image:height\" content=\"920\" \/>\n\t<meta property=\"og:image:type\" content=\"image\/jpeg\" \/>\n<meta name=\"twitter:card\" content=\"summary_large_image\" \/>\n<meta name=\"twitter:label1\" content=\"Est. reading time\" \/>\n\t<meta name=\"twitter:data1\" content=\"5 minutes\" \/>\n<script type=\"application\/ld+json\" class=\"yoast-schema-graph\">{\"@context\":\"https:\\\/\\\/schema.org\",\"@graph\":[{\"@type\":\"WebPage\",\"@id\":\"https:\\\/\\\/contratacion.sevillacityoffice.es\\\/en\\\/privacy-policy\\\/\",\"url\":\"https:\\\/\\\/contratacion.sevillacityoffice.es\\\/en\\\/privacy-policy\\\/\",\"name\":\"Privacy policy - Contrataci&oacute;n - Sevilla City Office\",\"isPartOf\":{\"@id\":\"https:\\\/\\\/contratacion.sevillacityoffice.es\\\/#website\"},\"primaryImageOfPage\":{\"@id\":\"https:\\\/\\\/contratacion.sevillacityoffice.es\\\/en\\\/privacy-policy\\\/#primaryimage\"},\"image\":{\"@id\":\"https:\\\/\\\/contratacion.sevillacityoffice.es\\\/en\\\/privacy-policy\\\/#primaryimage\"},\"thumbnailUrl\":\"https:\\\/\\\/contratacion.sevillacityoffice.es\\\/wp-content\\\/uploads\\\/2022\\\/04\\\/slider-frases-1.jpg\",\"datePublished\":\"2022-04-12T13:09:35+00:00\",\"dateModified\":\"2022-06-10T15:33:13+00:00\",\"breadcrumb\":{\"@id\":\"https:\\\/\\\/contratacion.sevillacityoffice.es\\\/en\\\/privacy-policy\\\/#breadcrumb\"},\"inLanguage\":\"en-US\",\"potentialAction\":[{\"@type\":\"ReadAction\",\"target\":[\"https:\\\/\\\/contratacion.sevillacityoffice.es\\\/en\\\/privacy-policy\\\/\"]}]},{\"@type\":\"ImageObject\",\"inLanguage\":\"en-US\",\"@id\":\"https:\\\/\\\/contratacion.sevillacityoffice.es\\\/en\\\/privacy-policy\\\/#primaryimage\",\"url\":\"https:\\\/\\\/contratacion.sevillacityoffice.es\\\/wp-content\\\/uploads\\\/2022\\\/04\\\/slider-frases-1.jpg\",\"contentUrl\":\"https:\\\/\\\/contratacion.sevillacityoffice.es\\\/wp-content\\\/uploads\\\/2022\\\/04\\\/slider-frases-1.jpg\",\"width\":1920,\"height\":920},{\"@type\":\"BreadcrumbList\",\"@id\":\"https:\\\/\\\/contratacion.sevillacityoffice.es\\\/en\\\/privacy-policy\\\/#breadcrumb\",\"itemListElement\":[{\"@type\":\"ListItem\",\"position\":1,\"name\":\"Portada\",\"item\":\"https:\\\/\\\/contratacion.sevillacityoffice.es\\\/en\\\/contractor-profile\\\/\"},{\"@type\":\"ListItem\",\"position\":2,\"name\":\"Privacy policy\"}]},{\"@type\":\"WebSite\",\"@id\":\"https:\\\/\\\/contratacion.sevillacityoffice.es\\\/#website\",\"url\":\"https:\\\/\\\/contratacion.sevillacityoffice.es\\\/\",\"name\":\"Contrataci&oacute;n - Sevilla City Office\",\"description\":\"Contrataci&oacute;n - Sevilla City Office\",\"publisher\":{\"@id\":\"https:\\\/\\\/contratacion.sevillacityoffice.es\\\/#organization\"},\"potentialAction\":[{\"@type\":\"SearchAction\",\"target\":{\"@type\":\"EntryPoint\",\"urlTemplate\":\"https:\\\/\\\/contratacion.sevillacityoffice.es\\\/?s={search_term_string}\"},\"query-input\":{\"@type\":\"PropertyValueSpecification\",\"valueRequired\":true,\"valueName\":\"search_term_string\"}}],\"inLanguage\":\"en-US\"},{\"@type\":\"Organization\",\"@id\":\"https:\\\/\\\/contratacion.sevillacityoffice.es\\\/#organization\",\"name\":\"Contrataci&oacute;n - Sevilla City Office\",\"url\":\"https:\\\/\\\/contratacion.sevillacityoffice.es\\\/\",\"logo\":{\"@type\":\"ImageObject\",\"inLanguage\":\"en-US\",\"@id\":\"https:\\\/\\\/contratacion.sevillacityoffice.es\\\/#\\\/schema\\\/logo\\\/image\\\/\",\"url\":\"https:\\\/\\\/contratacion.sevillacityoffice.es\\\/wp-content\\\/uploads\\\/2023\\\/02\\\/logo-sco-b.png\",\"contentUrl\":\"https:\\\/\\\/contratacion.sevillacityoffice.es\\\/wp-content\\\/uploads\\\/2023\\\/02\\\/logo-sco-b.png\",\"width\":142,\"height\":119,\"caption\":\"Contrataci&oacute;n - Sevilla City Office\"},\"image\":{\"@id\":\"https:\\\/\\\/contratacion.sevillacityoffice.es\\\/#\\\/schema\\\/logo\\\/image\\\/\"}}]}<\/script>\n<!-- \/ Yoast SEO plugin. -->","yoast_head_json":{"title":"Privacy policy - Contrataci&oacute;n - Sevilla City Office","robots":{"index":"index","follow":"follow","max-snippet":"max-snippet:-1","max-image-preview":"max-image-preview:large","max-video-preview":"max-video-preview:-1"},"canonical":"https:\/\/contratacion.sevillacityoffice.es\/en\/privacy-policy\/","og_locale":"en_US","og_type":"article","og_title":"Privacy policy - Contrataci&oacute;n - Sevilla City Office","og_description":"INFORMACI\u00d3N B\u00c1SICA SOBRE PROTECCI\u00d3N DE DATOS Sitio Web: \u00a0https:\/\/fibes.es Titular del sitio web: Denominaci\u00f3n social: Congresos y Turismo de Sevilla, S.A. NIF: A-9010929 Registro Mercantil de Sevilla: Tomo 5832, Folio 46, Hoja 100784 Domicilio social: Plaza Nueva 1, C.P. 41.001 (Sevilla) Tel\u00e9fono: 954 47 87 00 Direcci\u00f3n de correo electr\u00f3nico: info@sevillacityoffice.es Responsable del tratamiento de [&hellip;]","og_url":"https:\/\/contratacion.sevillacityoffice.es\/en\/privacy-policy\/","og_site_name":"Contrataci&oacute;n - Sevilla City Office","article_modified_time":"2022-06-10T15:33:13+00:00","og_image":[{"width":1920,"height":920,"url":"https:\/\/contratacion.sevillacityoffice.es\/wp-content\/uploads\/2022\/04\/slider-frases-1.jpg","type":"image\/jpeg"}],"twitter_card":"summary_large_image","twitter_misc":{"Est. reading time":"5 minutes"},"schema":{"@context":"https:\/\/schema.org","@graph":[{"@type":"WebPage","@id":"https:\/\/contratacion.sevillacityoffice.es\/en\/privacy-policy\/","url":"https:\/\/contratacion.sevillacityoffice.es\/en\/privacy-policy\/","name":"Privacy policy - Contrataci&oacute;n - Sevilla City Office","isPartOf":{"@id":"https:\/\/contratacion.sevillacityoffice.es\/#website"},"primaryImageOfPage":{"@id":"https:\/\/contratacion.sevillacityoffice.es\/en\/privacy-policy\/#primaryimage"},"image":{"@id":"https:\/\/contratacion.sevillacityoffice.es\/en\/privacy-policy\/#primaryimage"},"thumbnailUrl":"https:\/\/contratacion.sevillacityoffice.es\/wp-content\/uploads\/2022\/04\/slider-frases-1.jpg","datePublished":"2022-04-12T13:09:35+00:00","dateModified":"2022-06-10T15:33:13+00:00","breadcrumb":{"@id":"https:\/\/contratacion.sevillacityoffice.es\/en\/privacy-policy\/#breadcrumb"},"inLanguage":"en-US","potentialAction":[{"@type":"ReadAction","target":["https:\/\/contratacion.sevillacityoffice.es\/en\/privacy-policy\/"]}]},{"@type":"ImageObject","inLanguage":"en-US","@id":"https:\/\/contratacion.sevillacityoffice.es\/en\/privacy-policy\/#primaryimage","url":"https:\/\/contratacion.sevillacityoffice.es\/wp-content\/uploads\/2022\/04\/slider-frases-1.jpg","contentUrl":"https:\/\/contratacion.sevillacityoffice.es\/wp-content\/uploads\/2022\/04\/slider-frases-1.jpg","width":1920,"height":920},{"@type":"BreadcrumbList","@id":"https:\/\/contratacion.sevillacityoffice.es\/en\/privacy-policy\/#breadcrumb","itemListElement":[{"@type":"ListItem","position":1,"name":"Portada","item":"https:\/\/contratacion.sevillacityoffice.es\/en\/contractor-profile\/"},{"@type":"ListItem","position":2,"name":"Privacy policy"}]},{"@type":"WebSite","@id":"https:\/\/contratacion.sevillacityoffice.es\/#website","url":"https:\/\/contratacion.sevillacityoffice.es\/","name":"Contrataci&oacute;n - Sevilla City Office","description":"Contrataci&oacute;n - Sevilla City Office","publisher":{"@id":"https:\/\/contratacion.sevillacityoffice.es\/#organization"},"potentialAction":[{"@type":"SearchAction","target":{"@type":"EntryPoint","urlTemplate":"https:\/\/contratacion.sevillacityoffice.es\/?s={search_term_string}"},"query-input":{"@type":"PropertyValueSpecification","valueRequired":true,"valueName":"search_term_string"}}],"inLanguage":"en-US"},{"@type":"Organization","@id":"https:\/\/contratacion.sevillacityoffice.es\/#organization","name":"Contrataci&oacute;n - Sevilla City Office","url":"https:\/\/contratacion.sevillacityoffice.es\/","logo":{"@type":"ImageObject","inLanguage":"en-US","@id":"https:\/\/contratacion.sevillacityoffice.es\/#\/schema\/logo\/image\/","url":"https:\/\/contratacion.sevillacityoffice.es\/wp-content\/uploads\/2023\/02\/logo-sco-b.png","contentUrl":"https:\/\/contratacion.sevillacityoffice.es\/wp-content\/uploads\/2023\/02\/logo-sco-b.png","width":142,"height":119,"caption":"Contrataci&oacute;n - Sevilla City Office"},"image":{"@id":"https:\/\/contratacion.sevillacityoffice.es\/#\/schema\/logo\/image\/"}}]}},"_links":{"self":[{"href":"https:\/\/contratacion.sevillacityoffice.es\/en\/wp-json\/wp\/v2\/pages\/1960","targetHints":{"allow":["GET"]}}],"collection":[{"href":"https:\/\/contratacion.sevillacityoffice.es\/en\/wp-json\/wp\/v2\/pages"}],"about":[{"href":"https:\/\/contratacion.sevillacityoffice.es\/en\/wp-json\/wp\/v2\/types\/page"}],"author":[{"embeddable":true,"href":"https:\/\/contratacion.sevillacityoffice.es\/en\/wp-json\/wp\/v2\/users\/23"}],"replies":[{"embeddable":true,"href":"https:\/\/contratacion.sevillacityoffice.es\/en\/wp-json\/wp\/v2\/comments?post=1960"}],"version-history":[{"count":0,"href":"https:\/\/contratacion.sevillacityoffice.es\/en\/wp-json\/wp\/v2\/pages\/1960\/revisions"}],"wp:featuredmedia":[{"embeddable":true,"href":"https:\/\/contratacion.sevillacityoffice.es\/en\/wp-json\/wp\/v2\/media\/1468"}],"wp:attachment":[{"href":"https:\/\/contratacion.sevillacityoffice.es\/en\/wp-json\/wp\/v2\/media?parent=1960"}],"curies":[{"name":"wp","href":"https:\/\/api.w.org\/{rel}","templated":true}]}}