{"id":1958,"date":"2022-04-12T13:08:43","date_gmt":"2022-04-12T13:08:43","guid":{"rendered":"https:\/\/contratacion.sevillacityoffice.es\/politica-de-cookies\/"},"modified":"2022-06-10T15:33:00","modified_gmt":"2022-06-10T15:33:00","slug":"cookie-policy","status":"publish","type":"page","link":"https:\/\/contratacion.sevillacityoffice.es\/en\/cookie-policy\/","title":{"rendered":"Cookie policy"},"content":{"rendered":"\t\t<div data-elementor-type=\"wp-page\" data-elementor-id=\"1958\" class=\"elementor elementor-1958\" data-elementor-post-type=\"page\">\n\t\t\t\t\t\t<section class=\"elementor-section elementor-top-section elementor-element elementor-element-fe46770 elementor-section-boxed elementor-section-height-default elementor-section-height-default\" data-id=\"fe46770\" data-element_type=\"section\" data-e-type=\"section\">\n\t\t\t\t\t\t<div class=\"elementor-container elementor-column-gap-default\">\n\t\t\t\t\t<div class=\"elementor-column elementor-col-100 elementor-top-column elementor-element elementor-element-489419e\" data-id=\"489419e\" data-element_type=\"column\" data-e-type=\"column\">\n\t\t\t<div class=\"elementor-widget-wrap elementor-element-populated\">\n\t\t\t\t\t\t<div class=\"elementor-element elementor-element-e62c37e elementor-widget elementor-widget-text-editor\" data-id=\"e62c37e\" data-element_type=\"widget\" data-e-type=\"widget\" data-widget_type=\"text-editor.default\">\n\t\t\t\t<div class=\"elementor-widget-container\">\n\t\t\t\t\t\t\t\t\t<ol><li><strong><strong>PREGUNTAS FRECUENTES<br \/><br \/><\/strong><\/strong><\/li><\/ol><ul><li style=\"list-style-type: none;\"><ul><li><strong>\u00bfQu\u00e9 son las Cookies?<\/strong> Una cookie es un fichero que se descarga e su ordenador o dispositivo inform\u00e1tico al acceder a determinadas p\u00e1ginas web. Las cookies permiten almacenar y recuperar informaci\u00f3n sobre la navegaci\u00f3n del equipo de un usuario y, dependiendo de la informaci\u00f3n que contenga y de la finalidad en que se utilice, pueden servir para reconocer al usuario.<\/li><li><strong>\u00bfQu\u00e9 tipo de Cookies utiliza este Sitio Web?<\/strong> Cookies de an\u00e1lisis, t\u00e9cnicas, de personalizaci\u00f3n y de publicidad comportamental. Exclusivamente se analiza navegaci\u00f3n en nuestra p\u00e1gina web, con el fin de mejorar la oferta de productos o servicios que le ofrecemos. La Sociedad no utiliza cookies publicitarias de terceros.<\/li><li><strong>\u00bfC\u00f3mo desactivar cookies?<\/strong> Puedes utilizar tu navegador de internet para eliminar las cookies de forma autom\u00e1tica o manual, o bien fijar previamente que cookies deseas que no sean instaladas. Otra opci\u00f3n es cambiar los ajustes de tu navegador de Internet de manera que recibas un aviso cada vez que se quieran instalar cookies en tu ordenador. Para obtener m\u00e1s informaci\u00f3n sobre estas opciones, consulta las instrucciones de la secci\u00f3n <em>Ayuda<\/em> de tu navegador.<br \/><br \/>Ten en cuenta que nuestro Sitio Web puede precisar de algunas cookies para funcionar correctamente. Si borras las cookies de tu navegador, se volver\u00e1n a colocar en caso de que prestes consentimiento para ello.<br \/><br \/><\/li><\/ul><\/li><\/ul><ol start=\"2\"><li><strong><strong>COOKIES<br \/><br \/><\/strong><\/strong><ul><li>La Sociedad informa al Usuario que este Sitio Web utiliza cookies propias y de terceros para su funcionamiento, mostrar contenido multimedia, analizar h\u00e1bitos de navegaci\u00f3n, crear estad\u00edsticas de uso con el fin de mejorar la oferta de productos o servicios que le ofrecemos.<\/li><li>Las cookies son archivos de texto que se guardan autom\u00e1ticamente en los equipos (ordenador, m\u00f3vil, tablet, etc\u00e9tera) del Usuario cuando accede a determinadas aplicaciones y p\u00e1ginas de Internet, y cuyas finalidades pueden ser prestar determinados servicios, o almacenar y recuperar informaci\u00f3n sobre los h\u00e1bitos de navegaci\u00f3n de los usuarios en un sitio web.<\/li><li>El art\u00edculo 22.2 de la Ley 34\/2002, de 11 de julio, de servicios de la sociedad de la informaci\u00f3n y de comercio electr\u00f3nico (en adelante, LSSI), establece que \u201cLos prestadores de servicios podr\u00e1n utilizar dispositivos de almacenamiento y recuperaci\u00f3n de datos en equipos terminales de los destinatarios, a condici\u00f3n de que los mismos hayan dado su consentimiento despu\u00e9s de que se les haya facilitado informaci\u00f3n clara y completa sobre su utilizaci\u00f3n, en particular, sobre los fines del tratamiento de los datos, con arreglo a lo dispuesto en la Ley 3\/2018, de 5 de diciembre, de Protecci\u00f3n de Datos Personales y garant\u00eda de los derechos digitales. Cuando sea t\u00e9cnicamente posible y eficaz, el consentimiento del destinatario para aceptar el tratamiento de los datos podr\u00e1 facilitarse mediante el uso de los par\u00e1metros adecuados del navegador o de otras aplicaciones, siempre que aqu\u00e9l deba proceder a su configuraci\u00f3n durante su instalaci\u00f3n o actualizaci\u00f3n mediante una acci\u00f3n expresa a tal efecto. Lo anterior no impedir\u00e1 el posible almacenamiento o acceso de \u00edndole t\u00e9cnica al solo fin de efectuar la transmisi\u00f3n de una comunicaci\u00f3n por una red de comunicaciones electr\u00f3nicas o, en la medida que resulte estrictamente necesario, para la prestaci\u00f3n de un servicio de la sociedad de la informaci\u00f3n expresamente solicitado por el destinatario\u201d.<\/li><li>Mediante el acceso a este Sitio Web, el Usuario acepta expresamente el uso de las cookies aqu\u00ed descritas. En caso de no aceptar alguna de las citadas cookies, el Usuario deber\u00e1 abstenerse de acceder a este Sitio Web.<\/li><li>La Sociedad se reserva el derecho de utilizar nuevas cookies o dejar de utilizar las existentes, por lo que corresponde al Usuario la revisi\u00f3n de \u00e9stas antes de acceder a este Sitio Web.<\/li><li>En relaci\u00f3n con el resto de informaci\u00f3n exigida por el art\u00edculo 13 del Reglamento (UE) 2016\/679 de 27 de abril de 2016 (\u201cRGPD\u201d) nos remitimos a lo dispuesto es nuestra <a href=\"https:\/\/contratacion.sevillacityoffice.es\/politica-de-privacidad\/\">Pol\u00edtica de Privacidad<\/a>.<br \/><br \/><\/li><\/ul><\/li><li><strong>TIPOS<br \/><\/strong><strong><br \/><\/strong><ul><li>Seg\u00fan su finalidad las cookies pueden ser:<\/li><\/ul><\/li><\/ol><ul><li style=\"list-style-type: none;\"><ul><li style=\"list-style-type: none;\"><ul><li>T\u00e9cnicas, que permiten a los usuarios la navegaci\u00f3n a trav\u00e9s de un sitio web, y la utilizaci\u00f3n de las diferentes opciones o servicios que en \u00e9ste existan, como identificar la sesi\u00f3n, acceder a partes de acceso restringido, realizar la solicitud de inscripci\u00f3n o participaci\u00f3n en un evento, utilizar elementos de seguridad durante la navegaci\u00f3n, almacenar contenidos para la difusi\u00f3n de videos o sonido, o compartir contenidos a trav\u00e9s de redes sociales;<\/li><li>De personalizaci\u00f3n, que permiten a los usuarios acceder un sitio web con algunas caracter\u00edsticas de car\u00e1cter general predefinidas en funci\u00f3n de una serie de criterios del terminal de los usuarios, como el idioma, el tipo de navegador a trav\u00e9s del cual accede al servicio, o la configuraci\u00f3n regional desde donde accede al servicio;<\/li><li>De an\u00e1lisis, que permiten al responsable de las mismas el seguimiento y an\u00e1lisis del comportamiento de los usuarios en los sitios web a los que est\u00e1n vinculadas (la informaci\u00f3n recogida mediante este tipo de cookies se utiliza en la medici\u00f3n de la actividad de los sitios web, y para la elaboraci\u00f3n de perfiles de navegaci\u00f3n de los usuarios de dichos sitios, con el fin de introducir mejoras en funci\u00f3n del an\u00e1lisis de los datos de uso que hacen los Usuarios del servicio);<\/li><li>Publicitarias, que permiten la gesti\u00f3n de los espacios publicitarios incluidos en un sitio web en base a criterios como el contenido editado o la frecuencia en la que se muestran los anuncios;<\/li><li>Publicidad comportamental, que permiten la gesti\u00f3n de los espacios publicitarios que se hayan incluido en un sitio web (estas cookies almacenan informaci\u00f3n del comportamiento de los usuarios obtenida a trav\u00e9s de la observaci\u00f3n continuada de sus h\u00e1bitos de navegaci\u00f3n, lo que permite desarrollar un perfil espec\u00edfico para mostrar publicidad en funci\u00f3n del mismo).<\/li><li>Seg\u00fan sea qui\u00e9n las env\u00ede, gestione y trate los datos que se obtengan, las cookies pueden ser propias, que son gestionadas por el propietario del sitio web; y de terceros, que son gestionadas por otra entidad.<br \/><br \/><\/li><\/ul><\/li><\/ul><\/li><\/ul><table width=\"548\"><tbody><tr><td width=\"130\"><p><strong>Tipo de Cookies<br \/>\u00a0<\/strong>\u00a0(cookie esencial, Google Analytics, Marketing)\u00a0<strong>\u00a0<\/strong><\/p><\/td><td width=\"59\"><p><strong>Nombre<\/strong><br \/>(nombre t\u00e9cnico)<\/p><\/td><td width=\"183\"><p><strong>Descripci\u00f3n<\/strong><br \/>(descripci\u00f3n del funcionamiento y funci\u00f3n de la cookie)<\/p><\/td><td width=\"123\"><p><strong>Duraci\u00f3n<\/strong><br \/>(semanal\/mensual\/anual)<\/p><\/td><td width=\"53\"><p><strong>Dominio\u00a0<\/strong><br \/>(Propio\/de terceros)<\/p><\/td><\/tr><tr><td width=\"130\">\u00a0<\/td><td width=\"59\"><p>\u00a0<em>_ga<\/em><\/p><\/td><td width=\"183\"><p><em>\u00a0Utilizada para distinguir usuarios<\/em><\/p><\/td><td width=\"123\"><p><em>2 a\u00f1os\u00a0<\/em><\/p><\/td><td width=\"53\"><p><em>Terceros\u00a0<\/em><\/p><\/td><\/tr><tr><td>\u00a0<\/td><td width=\"59\"><p><strong><em>\u00a0<\/em><\/strong><em>_gid<\/em><\/p><\/td><td width=\"183\"><p><em>\u00a0Utilizada para distinguir usuarios<\/em><\/p><\/td><td width=\"123\"><p><em>\u00a024 horas<\/em><\/p><\/td><td width=\"53\"><p><em>Terceros\u00a0<\/em><\/p><\/td><\/tr><tr><td><p><em>Google Analytics (ejemplo)<\/em><\/p><\/td><td width=\"59\"><p><strong><em>\u00a0<\/em><\/strong><em>_gat\u00a0<strong>\u00a0<\/strong><\/em><\/p><\/td><td width=\"183\"><p><em>\u00a0Se usa para limitar el porcentaje de solicitudes.<\/em><\/p><\/td><td width=\"123\"><p><em>\u00a01 minuto<\/em><\/p><\/td><td width=\"53\"><p><em>Terceros\u00a0\u00a0<\/em>\u00a0<\/p><\/td><\/tr><tr><td><p><strong>\u00a0<\/strong><\/p><\/td><td width=\"59\"><p><strong>\u00a0\u2026<\/strong><\/p><\/td><td width=\"183\"><p>\u00a0\u2026<\/p><\/td><td width=\"123\"><p>\u00a0\u2026<\/p><\/td><td width=\"53\"><p>\u00a0\u2026<\/p><\/td><\/tr><\/tbody><\/table><ul><li>Seg\u00fan el plazo de tiempo que permanecen activadas en el equipo de los usuarios, las cookies pueden ser de sesi\u00f3n, que est\u00e1n dise\u00f1adas para recabar y almacenar datos mientras los usuarios acceden a un sitio web; y persistentes, que permiten que los datos sean almacenados, accedidos y tratados en el terminal de los usuarios durante un periodo definido por el responsable de la cookie, que puede ir de unos minutos a varios a\u00f1os.<\/li><li>Las cookies de entrada de los usuarios, de autenticaci\u00f3n o identificaci\u00f3n de los usuarios, de seguridad de los usuarios, de sesi\u00f3n de reproductor multimedia, de sesi\u00f3n para equilibrar la carga, de personalizaci\u00f3n de la interfaz de los usuarios, o de complemento para intercambiar contenidos sociales; est\u00e1n exoneradas de cumplir el art\u00edculo 22.2 de la LSSI.<\/li><li>Dadas las caracter\u00edsticas de Internet, la Sociedad no siempre cuenta con informaci\u00f3n de las cookies que colocan terceras partes.<\/li><li>La informaci\u00f3n almacenada en las cookies de nuestro sitio web es utilizada exclusivamente con fines estad\u00edsticos.<\/li><li>En el caso de que el Usuario detecte cookies en este Sitio Web que no est\u00e9n aqu\u00ed descritas, debe comunicarlo a la Sociedad a trav\u00e9s del apartado de contacto.<br \/><br \/><\/li><\/ul><ol start=\"4\"><li><strong>REDES SOCIALES.<br \/><br \/><\/strong><ul><li>Al acceder el Usuario a las cuentas de la Sociedad en las redes sociales acepta el uso de cookies por parte de las mismas seg\u00fan sus pol\u00edticas de cookies.<\/li><\/ul><\/li><\/ol><ul><li style=\"list-style-type: none;\"><ul><li style=\"list-style-type: none;\"><ul><li><a href=\"https:\/\/es-es.facebook.com\/policies\/cookies\/\" target=\"_blank\" rel=\"noopener\"><u>Pol\u00edtica de cookies de Facebook.<\/u><\/a><\/li><li><a href=\"https:\/\/help.twitter.com\/es\/rules-and-policies\/twitter-cookies\" target=\"_blank\" rel=\"noopener\"><u>Pol\u00edtica de cookies de Twitter.<\/u><\/a><\/li><li><u><u><a href=\"https:\/\/es.linkedin.com\/legal\/cookie-policy\" target=\"_blank\" rel=\"noopener\">Pol\u00edtica de cookies de LinkedIn.<\/a> <\/u><\/u><p>\u00a0<\/p><\/li><\/ul><\/li><\/ul><\/li><\/ul><ol start=\"5\"><li><strong><strong>MODIFICAR LA CONFIGURACI\u00d3N DE LAS COOKIES. <\/strong><\/strong><p>\u00a0<\/p><ul><li>El Usuario puede permitir, bloquear o eliminar las cookies instaladas en su equipo mediante la configuraci\u00f3n de las opciones de su navegador.<\/li><li>Navegador Google Chrome &#8211; pulse <a href=\"https:\/\/support.google.com\/chrome\/answer\/95647?hl=es\" target=\"_blank\" rel=\"noopener\"><u>aqu\u00ed<\/u><\/a><\/li><li>Navegador Internet Explorer &#8211; pulse <a href=\"https:\/\/windows.microsoft.com\/es-ES\/windows-vista\/Block-or-allow-cookies\" target=\"_blank\" rel=\"noopener\"><u>aqu\u00ed<\/u><\/a><\/li><li>Navegador Safari &#8211; pulse <a href=\"https:\/\/www.apple.com\/support\/?path=Safari\/3.0\/es\/9277.html\" target=\"_blank\" rel=\"noopener\"><u>aqu\u00ed<\/u><\/a><\/li><li>Navegador Firefox &#8211; pulse <a href=\"https:\/\/support.mozilla.org\/es\/kb\/Borrar%20cookies\" target=\"_blank\" rel=\"noopener\"><u>aqu\u00ed<\/u><\/a><\/li><li>Navegador Opera &#8211; pulse <a href=\"https:\/\/security.opera.com\/\" target=\"_blank\" rel=\"noopener\"><u>aqu\u00ed<\/u><\/a><\/li><li>Para obtener un complemento de inhabilitaci\u00f3n de Google Analytics para navegadores pulse <a href=\"https:\/\/support.google.com\/analytics\/answer\/181881?hl=es\" target=\"_blank\" rel=\"noopener\"><u>aqu\u00ed<\/u><\/a>.<\/li><li>Tenga en cuenta que, si acepta las cookies de terceros, es posible que para eliminarlas deba hacerlo desde las opciones del navegador o desde el sistema ofrecido por el propio tercero.<br \/><br \/><\/li><\/ul><\/li><li><strong><strong>GU\u00cdA SOBRE EL USO DE LAS COOKIES. <\/strong><\/strong><p>\u00a0<\/p><\/li><\/ol><p>Para obtener la gu\u00eda sobre el uso de las cookies elaborada por la Agencia Espa\u00f1ola de Protecci\u00f3n de Datos pulse <a href=\"https:\/\/www.aepd.es\/sites\/default\/files\/2019-12\/guia-cookies_1.pdf\">aqu\u00ed.<\/a> Si tiene dudas sobre esta pol\u00edtica de cookies puedes consultar nuestra pol\u00edtica de privacidad.<a href=\"#_ftnref1\" name=\"_ftn1\"><\/a><\/p>\t\t\t\t\t\t\t\t<\/div>\n\t\t\t\t<\/div>\n\t\t\t\t\t<\/div>\n\t\t<\/div>\n\t\t\t\t\t<\/div>\n\t\t<\/section>\n\t\t\t\t<\/div>\n\t\t","protected":false},"excerpt":{"rendered":"<p>PREGUNTAS FRECUENTES&nbsp; \u00bfQu\u00e9 son las Cookies? Una cookie es un fichero que se descarga e su ordenador o dispositivo inform\u00e1tico al acceder a determinadas p\u00e1ginas web. Las cookies permiten almacenar y recuperar informaci\u00f3n sobre la navegaci\u00f3n del equipo de un usuario y, dependiendo de la informaci\u00f3n que contenga y de la finalidad en que se [&hellip;]<\/p>\n","protected":false},"author":23,"featured_media":1468,"parent":0,"menu_order":0,"comment_status":"closed","ping_status":"closed","template":"","meta":{"footnotes":""},"class_list":["post-1958","page","type-page","status-publish","has-post-thumbnail","hentry"],"acf":[],"yoast_head":"<!-- This site is optimized with the Yoast SEO plugin v27.3 - https:\/\/yoast.com\/product\/yoast-seo-wordpress\/ -->\n<title>Cookie policy - Contrataci&oacute;n - Sevilla City Office<\/title>\n<meta name=\"robots\" content=\"index, follow, max-snippet:-1, max-image-preview:large, max-video-preview:-1\" \/>\n<link rel=\"canonical\" href=\"https:\/\/contratacion.sevillacityoffice.es\/en\/cookie-policy\/\" \/>\n<meta property=\"og:locale\" content=\"en_US\" \/>\n<meta property=\"og:type\" content=\"article\" \/>\n<meta property=\"og:title\" content=\"Cookie policy - Contrataci&oacute;n - Sevilla City Office\" \/>\n<meta property=\"og:description\" content=\"PREGUNTAS FRECUENTES&nbsp; \u00bfQu\u00e9 son las Cookies? Una cookie es un fichero que se descarga e su ordenador o dispositivo inform\u00e1tico al acceder a determinadas p\u00e1ginas web. Las cookies permiten almacenar y recuperar informaci\u00f3n sobre la navegaci\u00f3n del equipo de un usuario y, dependiendo de la informaci\u00f3n que contenga y de la finalidad en que se [&hellip;]\" \/>\n<meta property=\"og:url\" content=\"https:\/\/contratacion.sevillacityoffice.es\/en\/cookie-policy\/\" \/>\n<meta property=\"og:site_name\" content=\"Contrataci&oacute;n - Sevilla City Office\" \/>\n<meta property=\"article:modified_time\" content=\"2022-06-10T15:33:00+00:00\" \/>\n<meta property=\"og:image\" content=\"https:\/\/contratacion.sevillacityoffice.es\/wp-content\/uploads\/2022\/04\/slider-frases-1.jpg\" \/>\n\t<meta property=\"og:image:width\" content=\"1920\" \/>\n\t<meta property=\"og:image:height\" content=\"920\" \/>\n\t<meta property=\"og:image:type\" content=\"image\/jpeg\" \/>\n<meta name=\"twitter:card\" content=\"summary_large_image\" \/>\n<meta name=\"twitter:label1\" content=\"Est. reading time\" \/>\n\t<meta name=\"twitter:data1\" content=\"7 minutes\" \/>\n<script type=\"application\/ld+json\" class=\"yoast-schema-graph\">{\"@context\":\"https:\\\/\\\/schema.org\",\"@graph\":[{\"@type\":\"WebPage\",\"@id\":\"https:\\\/\\\/contratacion.sevillacityoffice.es\\\/en\\\/cookie-policy\\\/\",\"url\":\"https:\\\/\\\/contratacion.sevillacityoffice.es\\\/en\\\/cookie-policy\\\/\",\"name\":\"Cookie policy - Contrataci&oacute;n - Sevilla City Office\",\"isPartOf\":{\"@id\":\"https:\\\/\\\/contratacion.sevillacityoffice.es\\\/#website\"},\"primaryImageOfPage\":{\"@id\":\"https:\\\/\\\/contratacion.sevillacityoffice.es\\\/en\\\/cookie-policy\\\/#primaryimage\"},\"image\":{\"@id\":\"https:\\\/\\\/contratacion.sevillacityoffice.es\\\/en\\\/cookie-policy\\\/#primaryimage\"},\"thumbnailUrl\":\"https:\\\/\\\/contratacion.sevillacityoffice.es\\\/wp-content\\\/uploads\\\/2022\\\/04\\\/slider-frases-1.jpg\",\"datePublished\":\"2022-04-12T13:08:43+00:00\",\"dateModified\":\"2022-06-10T15:33:00+00:00\",\"breadcrumb\":{\"@id\":\"https:\\\/\\\/contratacion.sevillacityoffice.es\\\/en\\\/cookie-policy\\\/#breadcrumb\"},\"inLanguage\":\"en-US\",\"potentialAction\":[{\"@type\":\"ReadAction\",\"target\":[\"https:\\\/\\\/contratacion.sevillacityoffice.es\\\/en\\\/cookie-policy\\\/\"]}]},{\"@type\":\"ImageObject\",\"inLanguage\":\"en-US\",\"@id\":\"https:\\\/\\\/contratacion.sevillacityoffice.es\\\/en\\\/cookie-policy\\\/#primaryimage\",\"url\":\"https:\\\/\\\/contratacion.sevillacityoffice.es\\\/wp-content\\\/uploads\\\/2022\\\/04\\\/slider-frases-1.jpg\",\"contentUrl\":\"https:\\\/\\\/contratacion.sevillacityoffice.es\\\/wp-content\\\/uploads\\\/2022\\\/04\\\/slider-frases-1.jpg\",\"width\":1920,\"height\":920},{\"@type\":\"BreadcrumbList\",\"@id\":\"https:\\\/\\\/contratacion.sevillacityoffice.es\\\/en\\\/cookie-policy\\\/#breadcrumb\",\"itemListElement\":[{\"@type\":\"ListItem\",\"position\":1,\"name\":\"Portada\",\"item\":\"https:\\\/\\\/contratacion.sevillacityoffice.es\\\/en\\\/contractor-profile\\\/\"},{\"@type\":\"ListItem\",\"position\":2,\"name\":\"Cookie policy\"}]},{\"@type\":\"WebSite\",\"@id\":\"https:\\\/\\\/contratacion.sevillacityoffice.es\\\/#website\",\"url\":\"https:\\\/\\\/contratacion.sevillacityoffice.es\\\/\",\"name\":\"Contrataci&oacute;n - Sevilla City Office\",\"description\":\"Contrataci&oacute;n - Sevilla City Office\",\"publisher\":{\"@id\":\"https:\\\/\\\/contratacion.sevillacityoffice.es\\\/#organization\"},\"potentialAction\":[{\"@type\":\"SearchAction\",\"target\":{\"@type\":\"EntryPoint\",\"urlTemplate\":\"https:\\\/\\\/contratacion.sevillacityoffice.es\\\/?s={search_term_string}\"},\"query-input\":{\"@type\":\"PropertyValueSpecification\",\"valueRequired\":true,\"valueName\":\"search_term_string\"}}],\"inLanguage\":\"en-US\"},{\"@type\":\"Organization\",\"@id\":\"https:\\\/\\\/contratacion.sevillacityoffice.es\\\/#organization\",\"name\":\"Contrataci&oacute;n - Sevilla City Office\",\"url\":\"https:\\\/\\\/contratacion.sevillacityoffice.es\\\/\",\"logo\":{\"@type\":\"ImageObject\",\"inLanguage\":\"en-US\",\"@id\":\"https:\\\/\\\/contratacion.sevillacityoffice.es\\\/#\\\/schema\\\/logo\\\/image\\\/\",\"url\":\"https:\\\/\\\/contratacion.sevillacityoffice.es\\\/wp-content\\\/uploads\\\/2023\\\/02\\\/logo-sco-b.png\",\"contentUrl\":\"https:\\\/\\\/contratacion.sevillacityoffice.es\\\/wp-content\\\/uploads\\\/2023\\\/02\\\/logo-sco-b.png\",\"width\":142,\"height\":119,\"caption\":\"Contrataci&oacute;n - Sevilla City Office\"},\"image\":{\"@id\":\"https:\\\/\\\/contratacion.sevillacityoffice.es\\\/#\\\/schema\\\/logo\\\/image\\\/\"}}]}<\/script>\n<!-- \/ Yoast SEO plugin. -->","yoast_head_json":{"title":"Cookie policy - Contrataci&oacute;n - Sevilla City Office","robots":{"index":"index","follow":"follow","max-snippet":"max-snippet:-1","max-image-preview":"max-image-preview:large","max-video-preview":"max-video-preview:-1"},"canonical":"https:\/\/contratacion.sevillacityoffice.es\/en\/cookie-policy\/","og_locale":"en_US","og_type":"article","og_title":"Cookie policy - Contrataci&oacute;n - Sevilla City Office","og_description":"PREGUNTAS FRECUENTES&nbsp; \u00bfQu\u00e9 son las Cookies? Una cookie es un fichero que se descarga e su ordenador o dispositivo inform\u00e1tico al acceder a determinadas p\u00e1ginas web. Las cookies permiten almacenar y recuperar informaci\u00f3n sobre la navegaci\u00f3n del equipo de un usuario y, dependiendo de la informaci\u00f3n que contenga y de la finalidad en que se [&hellip;]","og_url":"https:\/\/contratacion.sevillacityoffice.es\/en\/cookie-policy\/","og_site_name":"Contrataci&oacute;n - Sevilla City Office","article_modified_time":"2022-06-10T15:33:00+00:00","og_image":[{"width":1920,"height":920,"url":"https:\/\/contratacion.sevillacityoffice.es\/wp-content\/uploads\/2022\/04\/slider-frases-1.jpg","type":"image\/jpeg"}],"twitter_card":"summary_large_image","twitter_misc":{"Est. reading time":"7 minutes"},"schema":{"@context":"https:\/\/schema.org","@graph":[{"@type":"WebPage","@id":"https:\/\/contratacion.sevillacityoffice.es\/en\/cookie-policy\/","url":"https:\/\/contratacion.sevillacityoffice.es\/en\/cookie-policy\/","name":"Cookie policy - Contrataci&oacute;n - Sevilla City Office","isPartOf":{"@id":"https:\/\/contratacion.sevillacityoffice.es\/#website"},"primaryImageOfPage":{"@id":"https:\/\/contratacion.sevillacityoffice.es\/en\/cookie-policy\/#primaryimage"},"image":{"@id":"https:\/\/contratacion.sevillacityoffice.es\/en\/cookie-policy\/#primaryimage"},"thumbnailUrl":"https:\/\/contratacion.sevillacityoffice.es\/wp-content\/uploads\/2022\/04\/slider-frases-1.jpg","datePublished":"2022-04-12T13:08:43+00:00","dateModified":"2022-06-10T15:33:00+00:00","breadcrumb":{"@id":"https:\/\/contratacion.sevillacityoffice.es\/en\/cookie-policy\/#breadcrumb"},"inLanguage":"en-US","potentialAction":[{"@type":"ReadAction","target":["https:\/\/contratacion.sevillacityoffice.es\/en\/cookie-policy\/"]}]},{"@type":"ImageObject","inLanguage":"en-US","@id":"https:\/\/contratacion.sevillacityoffice.es\/en\/cookie-policy\/#primaryimage","url":"https:\/\/contratacion.sevillacityoffice.es\/wp-content\/uploads\/2022\/04\/slider-frases-1.jpg","contentUrl":"https:\/\/contratacion.sevillacityoffice.es\/wp-content\/uploads\/2022\/04\/slider-frases-1.jpg","width":1920,"height":920},{"@type":"BreadcrumbList","@id":"https:\/\/contratacion.sevillacityoffice.es\/en\/cookie-policy\/#breadcrumb","itemListElement":[{"@type":"ListItem","position":1,"name":"Portada","item":"https:\/\/contratacion.sevillacityoffice.es\/en\/contractor-profile\/"},{"@type":"ListItem","position":2,"name":"Cookie policy"}]},{"@type":"WebSite","@id":"https:\/\/contratacion.sevillacityoffice.es\/#website","url":"https:\/\/contratacion.sevillacityoffice.es\/","name":"Contrataci&oacute;n - Sevilla City Office","description":"Contrataci&oacute;n - Sevilla City Office","publisher":{"@id":"https:\/\/contratacion.sevillacityoffice.es\/#organization"},"potentialAction":[{"@type":"SearchAction","target":{"@type":"EntryPoint","urlTemplate":"https:\/\/contratacion.sevillacityoffice.es\/?s={search_term_string}"},"query-input":{"@type":"PropertyValueSpecification","valueRequired":true,"valueName":"search_term_string"}}],"inLanguage":"en-US"},{"@type":"Organization","@id":"https:\/\/contratacion.sevillacityoffice.es\/#organization","name":"Contrataci&oacute;n - Sevilla City Office","url":"https:\/\/contratacion.sevillacityoffice.es\/","logo":{"@type":"ImageObject","inLanguage":"en-US","@id":"https:\/\/contratacion.sevillacityoffice.es\/#\/schema\/logo\/image\/","url":"https:\/\/contratacion.sevillacityoffice.es\/wp-content\/uploads\/2023\/02\/logo-sco-b.png","contentUrl":"https:\/\/contratacion.sevillacityoffice.es\/wp-content\/uploads\/2023\/02\/logo-sco-b.png","width":142,"height":119,"caption":"Contrataci&oacute;n - Sevilla City Office"},"image":{"@id":"https:\/\/contratacion.sevillacityoffice.es\/#\/schema\/logo\/image\/"}}]}},"_links":{"self":[{"href":"https:\/\/contratacion.sevillacityoffice.es\/en\/wp-json\/wp\/v2\/pages\/1958","targetHints":{"allow":["GET"]}}],"collection":[{"href":"https:\/\/contratacion.sevillacityoffice.es\/en\/wp-json\/wp\/v2\/pages"}],"about":[{"href":"https:\/\/contratacion.sevillacityoffice.es\/en\/wp-json\/wp\/v2\/types\/page"}],"author":[{"embeddable":true,"href":"https:\/\/contratacion.sevillacityoffice.es\/en\/wp-json\/wp\/v2\/users\/23"}],"replies":[{"embeddable":true,"href":"https:\/\/contratacion.sevillacityoffice.es\/en\/wp-json\/wp\/v2\/comments?post=1958"}],"version-history":[{"count":0,"href":"https:\/\/contratacion.sevillacityoffice.es\/en\/wp-json\/wp\/v2\/pages\/1958\/revisions"}],"wp:featuredmedia":[{"embeddable":true,"href":"https:\/\/contratacion.sevillacityoffice.es\/en\/wp-json\/wp\/v2\/media\/1468"}],"wp:attachment":[{"href":"https:\/\/contratacion.sevillacityoffice.es\/en\/wp-json\/wp\/v2\/media?parent=1958"}],"curies":[{"name":"wp","href":"https:\/\/api.w.org\/{rel}","templated":true}]}}