{"id":1875,"date":"2022-04-12T13:52:49","date_gmt":"2022-04-12T13:52:49","guid":{"rendered":"https:\/\/contratacion.sevillacityoffice.es\/envios-comerciales\/"},"modified":"2022-06-09T14:47:27","modified_gmt":"2022-06-09T14:47:27","slug":"envios-comerciales","status":"publish","type":"page","link":"https:\/\/contratacion.sevillacityoffice.es\/en\/envios-comerciales\/","title":{"rendered":"Env\u00edos comerciales"},"content":{"rendered":"\t\t<div data-elementor-type=\"wp-page\" data-elementor-id=\"1875\" class=\"elementor elementor-1875\" data-elementor-post-type=\"page\">\n\t\t\t\t\t\t<section class=\"elementor-section elementor-top-section elementor-element elementor-element-fe46770 elementor-section-boxed elementor-section-height-default elementor-section-height-default\" data-id=\"fe46770\" data-element_type=\"section\" data-e-type=\"section\">\n\t\t\t\t\t\t<div class=\"elementor-container elementor-column-gap-default\">\n\t\t\t\t\t<div class=\"elementor-column elementor-col-100 elementor-top-column elementor-element elementor-element-489419e\" data-id=\"489419e\" data-element_type=\"column\" data-e-type=\"column\">\n\t\t\t<div class=\"elementor-widget-wrap elementor-element-populated\">\n\t\t\t\t\t\t<div class=\"elementor-element elementor-element-e62c37e elementor-widget elementor-widget-text-editor\" data-id=\"e62c37e\" data-element_type=\"widget\" data-e-type=\"widget\" data-widget_type=\"text-editor.default\">\n\t\t\t\t<div class=\"elementor-widget-container\">\n\t\t\t\t\t\t\t\t\t<p><b>Env\u00edo de newsletters y comunicaciones comerciales por correo electr\u00f3nico o medios equivalentes<\/b><\/p><p>Si nos ha otorgado su consentimiento expreso, CONGRESOS Y TURISMO DE SEVILLA, S.A. (CONTURSA) le enviar\u00e1 peri\u00f3dicamente newsletters y comunicaciones publicitarias por correo electr\u00f3nico o medios equivalentes en los que se le informar\u00e1 sobre cert\u00e1menes, actividades, eventos, ofertas especiales, nuevos productos y otra informaci\u00f3n vinculada a los servicios de Fibes. En cuanto a medios equivalentes nos referimos al uso de mensajes de texto corto (SMS), sistemas de mensajer\u00eda instant\u00e1nea, as\u00ed como contacto por v\u00eda telef\u00f3nica. Estas comunicaciones comerciales podr\u00e1n incorporar contenido publicitario sobre actividades, eventos y servicios de Fibes o de terceros, que podr\u00e1n ser patrocinadores, expositores, colaboradores o terceras empresas que contraten los servicios de publicidad digital de Fibes, todas ellas relacionadas con las ferias, actividades y eventos que se organizan en Fibes. Estos correos electr\u00f3nicos o mensajes se enviar\u00e1n a la direcci\u00f3n que usted nos haya proporcionado al darnos su consentimiento para realizar dicho env\u00edo y podr\u00e1 retirarlo en cualquier momento y de manera gratuita. La legitimaci\u00f3n para el tratamiento de sus datos personales viene dada por su consentimiento expreso para que Fibes proceda a dicho env\u00edo. Puede leer nuestra pol\u00edtica de protecci\u00f3n de las personas f\u00edsicas en lo que respecta al tratamiento de datos personales\u00a0<a href=\"https:\/\/contratacion.sevillacityoffice.es\/politica-de-privacidad\/\" target=\"_blank\" rel=\"noopener\">aqu\u00ed<\/a>.<\/p>\t\t\t\t\t\t\t\t<\/div>\n\t\t\t\t<\/div>\n\t\t\t\t\t<\/div>\n\t\t<\/div>\n\t\t\t\t\t<\/div>\n\t\t<\/section>\n\t\t\t\t<\/div>\n\t\t","protected":false},"excerpt":{"rendered":"<p>Env\u00edo de newsletters y comunicaciones comerciales por correo electr\u00f3nico o medios equivalentes Si nos ha otorgado su consentimiento expreso, CONGRESOS Y TURISMO DE SEVILLA, S.A. (CONTURSA) le enviar\u00e1 peri\u00f3dicamente newsletters y comunicaciones publicitarias por correo electr\u00f3nico o medios equivalentes en los que se le informar\u00e1 sobre cert\u00e1menes, actividades, eventos, ofertas especiales, nuevos productos y otra [&hellip;]<\/p>\n","protected":false},"author":23,"featured_media":1485,"parent":0,"menu_order":0,"comment_status":"closed","ping_status":"closed","template":"","meta":{"footnotes":""},"class_list":["post-1875","page","type-page","status-publish","has-post-thumbnail","hentry"],"acf":[],"yoast_head":"<!-- This site is optimized with the Yoast SEO plugin v27.4 - https:\/\/yoast.com\/product\/yoast-seo-wordpress\/ -->\n<title>Env\u00edos comerciales - Contrataci&oacute;n - Sevilla City Office<\/title>\n<meta name=\"robots\" content=\"index, follow, max-snippet:-1, max-image-preview:large, max-video-preview:-1\" \/>\n<link rel=\"canonical\" href=\"https:\/\/contratacion.sevillacityoffice.es\/en\/envios-comerciales\/\" \/>\n<meta property=\"og:locale\" content=\"en_US\" \/>\n<meta property=\"og:type\" content=\"article\" \/>\n<meta property=\"og:title\" content=\"Env\u00edos comerciales - Contrataci&oacute;n - Sevilla City Office\" \/>\n<meta property=\"og:description\" content=\"Env\u00edo de newsletters y comunicaciones comerciales por correo electr\u00f3nico o medios equivalentes Si nos ha otorgado su consentimiento expreso, CONGRESOS Y TURISMO DE SEVILLA, S.A. (CONTURSA) le enviar\u00e1 peri\u00f3dicamente newsletters y comunicaciones publicitarias por correo electr\u00f3nico o medios equivalentes en los que se le informar\u00e1 sobre cert\u00e1menes, actividades, eventos, ofertas especiales, nuevos productos y otra [&hellip;]\" \/>\n<meta property=\"og:url\" content=\"https:\/\/contratacion.sevillacityoffice.es\/en\/envios-comerciales\/\" \/>\n<meta property=\"og:site_name\" content=\"Contrataci&oacute;n - Sevilla City Office\" \/>\n<meta property=\"article:modified_time\" content=\"2022-06-09T14:47:27+00:00\" \/>\n<meta property=\"og:image\" content=\"https:\/\/contratacion.sevillacityoffice.es\/wp-content\/uploads\/2022\/04\/slider_contacto.jpg\" \/>\n\t<meta property=\"og:image:width\" content=\"1920\" \/>\n\t<meta property=\"og:image:height\" content=\"550\" \/>\n\t<meta property=\"og:image:type\" content=\"image\/jpeg\" \/>\n<meta name=\"twitter:card\" content=\"summary_large_image\" \/>\n<meta name=\"twitter:label1\" content=\"Est. reading time\" \/>\n\t<meta name=\"twitter:data1\" content=\"3 minutes\" \/>\n<script type=\"application\/ld+json\" class=\"yoast-schema-graph\">{\"@context\":\"https:\\\/\\\/schema.org\",\"@graph\":[{\"@type\":\"WebPage\",\"@id\":\"https:\\\/\\\/contratacion.sevillacityoffice.es\\\/en\\\/envios-comerciales\\\/\",\"url\":\"https:\\\/\\\/contratacion.sevillacityoffice.es\\\/en\\\/envios-comerciales\\\/\",\"name\":\"Env\u00edos comerciales - Contrataci&oacute;n - Sevilla City Office\",\"isPartOf\":{\"@id\":\"https:\\\/\\\/contratacion.sevillacityoffice.es\\\/#website\"},\"primaryImageOfPage\":{\"@id\":\"https:\\\/\\\/contratacion.sevillacityoffice.es\\\/en\\\/envios-comerciales\\\/#primaryimage\"},\"image\":{\"@id\":\"https:\\\/\\\/contratacion.sevillacityoffice.es\\\/en\\\/envios-comerciales\\\/#primaryimage\"},\"thumbnailUrl\":\"https:\\\/\\\/contratacion.sevillacityoffice.es\\\/wp-content\\\/uploads\\\/2022\\\/04\\\/slider_contacto.jpg\",\"datePublished\":\"2022-04-12T13:52:49+00:00\",\"dateModified\":\"2022-06-09T14:47:27+00:00\",\"breadcrumb\":{\"@id\":\"https:\\\/\\\/contratacion.sevillacityoffice.es\\\/en\\\/envios-comerciales\\\/#breadcrumb\"},\"inLanguage\":\"en-US\",\"potentialAction\":[{\"@type\":\"ReadAction\",\"target\":[\"https:\\\/\\\/contratacion.sevillacityoffice.es\\\/en\\\/envios-comerciales\\\/\"]}]},{\"@type\":\"ImageObject\",\"inLanguage\":\"en-US\",\"@id\":\"https:\\\/\\\/contratacion.sevillacityoffice.es\\\/en\\\/envios-comerciales\\\/#primaryimage\",\"url\":\"https:\\\/\\\/contratacion.sevillacityoffice.es\\\/wp-content\\\/uploads\\\/2022\\\/04\\\/slider_contacto.jpg\",\"contentUrl\":\"https:\\\/\\\/contratacion.sevillacityoffice.es\\\/wp-content\\\/uploads\\\/2022\\\/04\\\/slider_contacto.jpg\",\"width\":1920,\"height\":550},{\"@type\":\"BreadcrumbList\",\"@id\":\"https:\\\/\\\/contratacion.sevillacityoffice.es\\\/en\\\/envios-comerciales\\\/#breadcrumb\",\"itemListElement\":[{\"@type\":\"ListItem\",\"position\":1,\"name\":\"Portada\",\"item\":\"https:\\\/\\\/contratacion.sevillacityoffice.es\\\/en\\\/contractor-profile\\\/\"},{\"@type\":\"ListItem\",\"position\":2,\"name\":\"Env\u00edos comerciales\"}]},{\"@type\":\"WebSite\",\"@id\":\"https:\\\/\\\/contratacion.sevillacityoffice.es\\\/#website\",\"url\":\"https:\\\/\\\/contratacion.sevillacityoffice.es\\\/\",\"name\":\"Contrataci&oacute;n - Sevilla City Office\",\"description\":\"Contrataci&oacute;n - Sevilla City Office\",\"publisher\":{\"@id\":\"https:\\\/\\\/contratacion.sevillacityoffice.es\\\/#organization\"},\"potentialAction\":[{\"@type\":\"SearchAction\",\"target\":{\"@type\":\"EntryPoint\",\"urlTemplate\":\"https:\\\/\\\/contratacion.sevillacityoffice.es\\\/?s={search_term_string}\"},\"query-input\":{\"@type\":\"PropertyValueSpecification\",\"valueRequired\":true,\"valueName\":\"search_term_string\"}}],\"inLanguage\":\"en-US\"},{\"@type\":\"Organization\",\"@id\":\"https:\\\/\\\/contratacion.sevillacityoffice.es\\\/#organization\",\"name\":\"Contrataci&oacute;n - Sevilla City Office\",\"url\":\"https:\\\/\\\/contratacion.sevillacityoffice.es\\\/\",\"logo\":{\"@type\":\"ImageObject\",\"inLanguage\":\"en-US\",\"@id\":\"https:\\\/\\\/contratacion.sevillacityoffice.es\\\/#\\\/schema\\\/logo\\\/image\\\/\",\"url\":\"https:\\\/\\\/contratacion.sevillacityoffice.es\\\/wp-content\\\/uploads\\\/2023\\\/02\\\/logo-sco-b.png\",\"contentUrl\":\"https:\\\/\\\/contratacion.sevillacityoffice.es\\\/wp-content\\\/uploads\\\/2023\\\/02\\\/logo-sco-b.png\",\"width\":142,\"height\":119,\"caption\":\"Contrataci&oacute;n - Sevilla City Office\"},\"image\":{\"@id\":\"https:\\\/\\\/contratacion.sevillacityoffice.es\\\/#\\\/schema\\\/logo\\\/image\\\/\"}}]}<\/script>\n<!-- \/ Yoast SEO plugin. -->","yoast_head_json":{"title":"Env\u00edos comerciales - Contrataci&oacute;n - Sevilla City Office","robots":{"index":"index","follow":"follow","max-snippet":"max-snippet:-1","max-image-preview":"max-image-preview:large","max-video-preview":"max-video-preview:-1"},"canonical":"https:\/\/contratacion.sevillacityoffice.es\/en\/envios-comerciales\/","og_locale":"en_US","og_type":"article","og_title":"Env\u00edos comerciales - Contrataci&oacute;n - Sevilla City Office","og_description":"Env\u00edo de newsletters y comunicaciones comerciales por correo electr\u00f3nico o medios equivalentes Si nos ha otorgado su consentimiento expreso, CONGRESOS Y TURISMO DE SEVILLA, S.A. (CONTURSA) le enviar\u00e1 peri\u00f3dicamente newsletters y comunicaciones publicitarias por correo electr\u00f3nico o medios equivalentes en los que se le informar\u00e1 sobre cert\u00e1menes, actividades, eventos, ofertas especiales, nuevos productos y otra [&hellip;]","og_url":"https:\/\/contratacion.sevillacityoffice.es\/en\/envios-comerciales\/","og_site_name":"Contrataci&oacute;n - Sevilla City Office","article_modified_time":"2022-06-09T14:47:27+00:00","og_image":[{"width":1920,"height":550,"url":"https:\/\/contratacion.sevillacityoffice.es\/wp-content\/uploads\/2022\/04\/slider_contacto.jpg","type":"image\/jpeg"}],"twitter_card":"summary_large_image","twitter_misc":{"Est. reading time":"3 minutes"},"schema":{"@context":"https:\/\/schema.org","@graph":[{"@type":"WebPage","@id":"https:\/\/contratacion.sevillacityoffice.es\/en\/envios-comerciales\/","url":"https:\/\/contratacion.sevillacityoffice.es\/en\/envios-comerciales\/","name":"Env\u00edos comerciales - Contrataci&oacute;n - Sevilla City Office","isPartOf":{"@id":"https:\/\/contratacion.sevillacityoffice.es\/#website"},"primaryImageOfPage":{"@id":"https:\/\/contratacion.sevillacityoffice.es\/en\/envios-comerciales\/#primaryimage"},"image":{"@id":"https:\/\/contratacion.sevillacityoffice.es\/en\/envios-comerciales\/#primaryimage"},"thumbnailUrl":"https:\/\/contratacion.sevillacityoffice.es\/wp-content\/uploads\/2022\/04\/slider_contacto.jpg","datePublished":"2022-04-12T13:52:49+00:00","dateModified":"2022-06-09T14:47:27+00:00","breadcrumb":{"@id":"https:\/\/contratacion.sevillacityoffice.es\/en\/envios-comerciales\/#breadcrumb"},"inLanguage":"en-US","potentialAction":[{"@type":"ReadAction","target":["https:\/\/contratacion.sevillacityoffice.es\/en\/envios-comerciales\/"]}]},{"@type":"ImageObject","inLanguage":"en-US","@id":"https:\/\/contratacion.sevillacityoffice.es\/en\/envios-comerciales\/#primaryimage","url":"https:\/\/contratacion.sevillacityoffice.es\/wp-content\/uploads\/2022\/04\/slider_contacto.jpg","contentUrl":"https:\/\/contratacion.sevillacityoffice.es\/wp-content\/uploads\/2022\/04\/slider_contacto.jpg","width":1920,"height":550},{"@type":"BreadcrumbList","@id":"https:\/\/contratacion.sevillacityoffice.es\/en\/envios-comerciales\/#breadcrumb","itemListElement":[{"@type":"ListItem","position":1,"name":"Portada","item":"https:\/\/contratacion.sevillacityoffice.es\/en\/contractor-profile\/"},{"@type":"ListItem","position":2,"name":"Env\u00edos comerciales"}]},{"@type":"WebSite","@id":"https:\/\/contratacion.sevillacityoffice.es\/#website","url":"https:\/\/contratacion.sevillacityoffice.es\/","name":"Contrataci&oacute;n - Sevilla City Office","description":"Contrataci&oacute;n - Sevilla City Office","publisher":{"@id":"https:\/\/contratacion.sevillacityoffice.es\/#organization"},"potentialAction":[{"@type":"SearchAction","target":{"@type":"EntryPoint","urlTemplate":"https:\/\/contratacion.sevillacityoffice.es\/?s={search_term_string}"},"query-input":{"@type":"PropertyValueSpecification","valueRequired":true,"valueName":"search_term_string"}}],"inLanguage":"en-US"},{"@type":"Organization","@id":"https:\/\/contratacion.sevillacityoffice.es\/#organization","name":"Contrataci&oacute;n - Sevilla City Office","url":"https:\/\/contratacion.sevillacityoffice.es\/","logo":{"@type":"ImageObject","inLanguage":"en-US","@id":"https:\/\/contratacion.sevillacityoffice.es\/#\/schema\/logo\/image\/","url":"https:\/\/contratacion.sevillacityoffice.es\/wp-content\/uploads\/2023\/02\/logo-sco-b.png","contentUrl":"https:\/\/contratacion.sevillacityoffice.es\/wp-content\/uploads\/2023\/02\/logo-sco-b.png","width":142,"height":119,"caption":"Contrataci&oacute;n - Sevilla City Office"},"image":{"@id":"https:\/\/contratacion.sevillacityoffice.es\/#\/schema\/logo\/image\/"}}]}},"_links":{"self":[{"href":"https:\/\/contratacion.sevillacityoffice.es\/en\/wp-json\/wp\/v2\/pages\/1875","targetHints":{"allow":["GET"]}}],"collection":[{"href":"https:\/\/contratacion.sevillacityoffice.es\/en\/wp-json\/wp\/v2\/pages"}],"about":[{"href":"https:\/\/contratacion.sevillacityoffice.es\/en\/wp-json\/wp\/v2\/types\/page"}],"author":[{"embeddable":true,"href":"https:\/\/contratacion.sevillacityoffice.es\/en\/wp-json\/wp\/v2\/users\/23"}],"replies":[{"embeddable":true,"href":"https:\/\/contratacion.sevillacityoffice.es\/en\/wp-json\/wp\/v2\/comments?post=1875"}],"version-history":[{"count":0,"href":"https:\/\/contratacion.sevillacityoffice.es\/en\/wp-json\/wp\/v2\/pages\/1875\/revisions"}],"wp:featuredmedia":[{"embeddable":true,"href":"https:\/\/contratacion.sevillacityoffice.es\/en\/wp-json\/wp\/v2\/media\/1485"}],"wp:attachment":[{"href":"https:\/\/contratacion.sevillacityoffice.es\/en\/wp-json\/wp\/v2\/media?parent=1875"}],"curies":[{"name":"wp","href":"https:\/\/api.w.org\/{rel}","templated":true}]}}