{"id":1835,"date":"2022-04-12T13:06:12","date_gmt":"2022-04-12T13:06:12","guid":{"rendered":"https:\/\/contratacion.sevillacityoffice.es\/aviso-legal\/"},"modified":"2022-06-20T16:10:49","modified_gmt":"2022-06-20T16:10:49","slug":"legal-notice","status":"publish","type":"page","link":"https:\/\/contratacion.sevillacityoffice.es\/en\/legal-notice\/","title":{"rendered":"Legal notice"},"content":{"rendered":"\t\t<div data-elementor-type=\"wp-page\" data-elementor-id=\"1835\" class=\"elementor elementor-1835\" data-elementor-post-type=\"page\">\n\t\t\t\t\t\t<section class=\"elementor-section elementor-top-section elementor-element elementor-element-fe46770 elementor-section-boxed elementor-section-height-default elementor-section-height-default\" data-id=\"fe46770\" data-element_type=\"section\" data-e-type=\"section\">\n\t\t\t\t\t\t<div class=\"elementor-container elementor-column-gap-default\">\n\t\t\t\t\t<div class=\"elementor-column elementor-col-100 elementor-top-column elementor-element elementor-element-489419e\" data-id=\"489419e\" data-element_type=\"column\" data-e-type=\"column\">\n\t\t\t<div class=\"elementor-widget-wrap elementor-element-populated\">\n\t\t\t\t\t\t<div class=\"elementor-element elementor-element-e62c37e elementor-widget elementor-widget-text-editor\" data-id=\"e62c37e\" data-element_type=\"widget\" data-e-type=\"widget\" data-widget_type=\"text-editor.default\">\n\t\t\t\t<div class=\"elementor-widget-container\">\n\t\t\t\t\t\t\t\t\t<p><strong>I &#8211; TITULAR DEL SITIO WEB Y PRESTADOR DE SERVICIOS DE LA SOCIEDAD DE LA INFORMACI\u00d3N<\/strong><\/p><p>El Sitio Web de Internet [https:\/\/fibes.es] (en adelante, el \u201c<strong>Sitio Web<\/strong>\u201d) es propiedad y est\u00e1 gestionado por Congresos y turismo de Sevilla, S.A (en adelante la \u201c<strong>Sociedad<\/strong>\u201d o <strong>\u201cContursa\u201d<\/strong>), cuyos datos a efectos del cumplimiento de las obligaciones comprendidas en el art\u00edculo d\u00e9cimo de la Ley 34\/2002, de 11 de junio, de Servicios de la Sociedad de la Informaci\u00f3n y Comercio Electr\u00f3nico (\u201c<strong>LSSI<\/strong>\u201d), son los que siguen:<\/p><p>Denominaci\u00f3n social: Congresos y Turismo de Sevilla, S.A.<\/p><p>NIF: A-901097<\/p><p>Registro Mercantil de Sevilla: Tomo 5832, Folio 59, Hoja SE 100784<\/p><p>Domicilio social: Plaza Nueva 1, CP 41.001 (Sevilla).<\/p><p>Tel\u00e9fono: 954478700<\/p><p>Direcci\u00f3n de correo electr\u00f3nico: info@sevillacityoffice.es<\/p><p>Contursa es el titular, a su vez, de las siguientes cuentas en las redes sociales:<\/p><p>&#8211; <a href=\"https:\/\/www.facebook.com\/fibesevilla\" target=\"_blank\" rel=\"noopener\">P\u00e1gina de Facebook.<\/a><\/p><p>&#8211; <a href=\"https:\/\/www.instagram.com\/fibesevilla\/\" target=\"_blank\" rel=\"noopener\">Perfil de Instagram<\/a><\/p><p>&#8211; <a href=\"https:\/\/www.linkedin.com\/company\/fibes-palacio-de-exposiciones-y-congresos-de-sevilla\" target=\"_blank\" rel=\"noopener\">Perfil de LinkedIn.<\/a><\/p><p>&#8211; <a href=\"https:\/\/twitter.com\/fibesevilla\" target=\"_blank\" rel=\"noopener\">P\u00e1gina de Twitter.<\/a><\/p><p>&#8211; <a href=\"https:\/\/www.youtube.com\/channel\/UCh-4UWgCMMVCERHeHRR94-A\" target=\"_blank\" rel=\"noopener\">Canal de Youtube<\/a><\/p><p><strong>II &#8211; CONDICIONES GENERALES DE USO DEL SITIO WEB Y ACEPTACI\u00d3N DE LAS MISMAS<\/strong><\/p><p>La persona que acceda y navegue por el Sitio Web (en adelante, el \u201c<strong>Usuario<\/strong>\u201d), asegura que tiene capacidad legal para ello, aceptando, expresamente y sin reservas de ning\u00fan tipo, todas las cl\u00e1usulas contenidas en este aviso legal y pol\u00edtica de privacidad, pol\u00edtica de cookies, as\u00ed como todas aquellas condiciones particulares recogidas para la utilizaci\u00f3n de determinados servicios prestados por la Sociedad. En caso de no aceptar alguna de las citadas cl\u00e1usulas, el Usuario deber\u00e1 abstenerse de acceder a este Sitio Web.<\/p><p>El citado Sitio Web ha sido creado y puesto a disposici\u00f3n de los usuarios de Internet con car\u00e1cter informativo y para su uso personal. A trav\u00e9s del mismo se pretende proporcionar informaci\u00f3n acerca del evento [**], as\u00ed como permitir la prestaci\u00f3n de los servicios del mismo a trav\u00e9s del Sitio Web.<\/p><p>El Usuario se obliga a hacer un uso correcto del Sitio Web, de conformidad con la Ley y el presente apartado de <span style=\"text-decoration: underline;\"><a href=\"https:\/\/contratacion.sevillacityoffice.es\/aviso-legal\/\">Aviso Legal<\/a><\/span> y <span style=\"text-decoration: underline;\"><a href=\"https:\/\/contratacion.sevillacityoffice.es\/politica-de-privacidad\/\">Pol\u00edtica de Privacidad<\/a><\/span>. El Usuario responder\u00e1 frente a la Sociedad o frente a terceros, de cualesquiera da\u00f1os y perjuicios que pudieran causarse como consecuencia del incumplimiento de dicha obligaci\u00f3n.<\/p><p>Queda expresamente prohibido el uso del Sitio Web con fines lesivos de bienes, derechos o intereses de la Sociedad o de terceros o que de cualquier otra forma sobrecarguen, da\u00f1en o inutilicen las redes, servidores y dem\u00e1s equipos inform\u00e1ticos (<em>hardware<\/em>) o productos y aplicaciones inform\u00e1ticas (<em>software<\/em>) de estos.<\/p><p>La Sociedad podr\u00e1 en todo momento, y sin previo aviso, modificar las presentes condiciones generales a fin de que \u00e9stas se adapten al uso pretendido del Sitio Web y puedan ser conocidas con car\u00e1cter previo por los Usuarios.<\/p><p><strong>III &#8211; POLITICA DE COOKIES<\/strong><\/p><p>En virtud de lo expuesto en el art\u00edculo 22 de la LSSI, la Sociedad s\u00f3lo utilizar\u00e1 dispositivos de almacenamiento y recuperaci\u00f3n de datos o cookies cuando el Usuario haya prestado su consentimiento previo de acuerdo con lo dispuesto en la ventana emergente del navegador correspondiente o banner de cookies en su primer acceso al Sitio Web y en los dem\u00e1s t\u00e9rminos y condiciones que se indican en la <a href=\"https:\/\/contratacion.sevillacityoffice.es\/politica-de-cookies\/\"><u>Pol\u00edtica de Cookies<\/u><\/a> de la Sociedad, cuyo contenido debe ser conocido por el Usuario.<\/p><p><strong>IV &#8211; OBLIGACIONES DEL USUARIO<\/strong><\/p><p>El Usuario que accede al Sitio Web se compele u obliga a usar los contenidos de forma correcta, diligente y l\u00edcita, absteni\u00e9ndose en particular de:<\/p><p>i) Utilizar los contenidos del Sitio Web con fines que puedan resultar contrarios a la Ley, la moral, el orden p\u00fablico y los propios intereses comerciales de la Sociedad.<\/p><p>ii) Reproducir, copiar, distribuir, permitir el acceso del p\u00fablico a trav\u00e9s de cualquier modalidad de comunicaci\u00f3n p\u00fablica, transformar o modificar los contenidos, a menos que se cuente con la correspondiente autorizaci\u00f3n de su titular.<\/p><p>iii) Usar el contenido del Sitio Web para remitir publicidad, comunicaciones comerciales o mensajes no solicitados a una pluralidad de personas, sea cual sea la finalidad, as\u00ed como cualquier forma de comercializaci\u00f3n o divulgaci\u00f3n de la informaci\u00f3n incluida en los mismos.<\/p><p><strong>V &#8211; LIMITACI\u00d3N DE LA RESPONSABILIDAD<\/strong><\/p><p>Quien accede y utiliza el Sitio Web, lo hace por su cuenta y riesgo. La Sociedad no se responsabiliza de los errores u omisiones de los que pueda adolecer el contenido de las mismas u otros a las que se pudieran acceder a trav\u00e9s de ellas. El Sitio Web alberga textos meramente a t\u00edtulo informativo o divulgativo que pueden no reflejar el estado actual de la legislaci\u00f3n o la jurisprudencia y que, en todo caso, se refieren a situaciones generales, por lo que el Usuario no puede nunca extrapolar aquellos y aplicarlos a situaciones concretas. Las opiniones vertidas sobre los mismos no reflejan necesariamente el punto de vista de la Sociedad.<\/p><p>La Sociedad responder\u00e1, \u00fanicamente, de aquellos eventuales da\u00f1os sufridos por el Usuario como consecuencia de las actuaciones de naturaleza dolosa que le sean imputables.<\/p><p>Asimismo, la Sociedad declara haber implantado y su intenci\u00f3n de seguir implantando, todas las medidas necesarias dentro de sus posibilidades y del estado de la tecnolog\u00eda, para garantizar el correcto funcionamiento del Sitio Web, as\u00ed como, la ausencia de virus y otros componentes que puedan perjudicar al Usuario. Sin perjuicio de lo anterior la Sociedad no puede dar plena y total garant\u00eda de que dichas medidas de seguridad no puedan ser vulnerables por terceros en perjuicio del titular del Sitio Web y\/o de sus Usuarios.<\/p><p><strong>VI &#8211; PROPIEDAD INDUSTRIAL E INTELECTUAL<\/strong><\/p><p>Todos los contenidos incluidos en el Sitio Web, entendi\u00e9ndose a t\u00edtulo meramente enunciativo, las marcas, nombres comerciales, dise\u00f1os industriales, dise\u00f1os, textos, fotograf\u00edas, gr\u00e1ficos, logotipos, iconos, software o cualesquiera otros signos susceptibles de utilizaci\u00f3n industrial y comercial est\u00e1n protegidos por los derechos de propiedad industrial e intelectual de la Sociedad o de terceros titulares de los mismos que han autorizado su inclusi\u00f3n en dicho Sitio Web. Independientemente de la finalidad para la que fueran destinados, la reproducci\u00f3n total o parcial, uso, explotaci\u00f3n, distribuci\u00f3n y comercializaci\u00f3n de alg\u00fan contenido de este Sitio Web, requiere en todo caso de la autorizaci\u00f3n previa y expresa por parte de la Sociedad. Los contenidos ajenos a la Sociedad que pudieran aparecer en este Sitio Web, pertenecen a sus respectivos propietarios, siendo ellos mismos los responsables de cualquier autorizaci\u00f3n a terceros.<\/p><p><strong>VII &#8211; POL\u00cdTICA DE HIPERENLACES<\/strong><\/p><p>No se podr\u00e1 establecer ning\u00fan v\u00ednculo al Sitio Web desde cualquier otra web sin recabar el consentimiento previo y expreso de la Sociedad.<\/p><p>Los enlaces que se establezcan deber\u00e1n hacerse siempre a la p\u00e1gina principal de la Sociedad o en su caso, a aquella que la propia Sociedad establezca, siendo dicho enlace absoluto y completo de forma que le lleve al Usuario al sitio de la Sociedad que deber\u00e1 abarcar completamente toda la extensi\u00f3n de la p\u00e1gina principal.<\/p><p>La Sociedad no se har\u00e1 responsable del contenido de las p\u00e1ginas web de destino que se establezcan mediante v\u00ednculos en el Sitio Web ni tampoco de aquellas infracciones de derechos de terceros en las que tales p\u00e1ginas pudieran incurrir.<\/p><p>El uso de enlaces externos no implica en modo alguno que la Sociedad recomiende o apruebe los contenidos de aquellas.<\/p><p><strong>XVIII &#8211; POL\u00cdTICA DE COMUNICACIONES COMERCIALES<\/strong><\/p><p>En virtud de lo dispuesto en el art. 22.1 de la LSSI, la Sociedad s\u00f3lo enviar\u00e1 <em>newsletters<\/em> y comunicaciones comerciales o promocionales en el caso de que cuente con el consentimiento previo o la solicitud expresa del destinatario.<\/p><p>Como excepci\u00f3n a ello, en virtud del art. 21 LSSI, ser\u00e1 posible enviar <em>newsletters<\/em> comerciales y\/o promocionales sin recabar la previa autorizaci\u00f3n del destinatario, en el caso de que exista una relaci\u00f3n contractual previa y Contursa haya podido obtener los datos de manera l\u00edcita.<\/p><p>El usuario podr\u00e1 darse de baja en el servicio de <em>newsletter<\/em> en cualquier momento. A este respecto, se informar\u00e1 al usuario acerca dela posibilidad de ejercer este derecho en la <em>newsletter<\/em>.<\/p><p><strong>IX &#8211; LEGISLACI\u00d3N<\/strong><\/p><p>Las presentes condiciones de uso del presente Sitio Web se rigen en todos y cada uno de sus extremos por la Legislaci\u00f3n espa\u00f1ola.<\/p><p>El idioma de redacci\u00f3n e interpretaci\u00f3n de este Aviso Legal es el espa\u00f1ol.<\/p><p>En la medida en que as\u00ed lo permita la Ley, las partes, con renuncia expresa a cualquier otro fuero que pudiera corresponderles, acuerdan someterse a la jurisdicci\u00f3n de los Juzgados y Tribunales de la ciudad de Sevilla y a la aplicaci\u00f3n del Derecho espa\u00f1ol.\u00a0<\/p>\t\t\t\t\t\t\t\t<\/div>\n\t\t\t\t<\/div>\n\t\t\t\t\t<\/div>\n\t\t<\/div>\n\t\t\t\t\t<\/div>\n\t\t<\/section>\n\t\t\t\t<\/div>\n\t\t","protected":false},"excerpt":{"rendered":"<p>I &#8211; TITULAR DEL SITIO WEB Y PRESTADOR DE SERVICIOS DE LA SOCIEDAD DE LA INFORMACI\u00d3N El Sitio Web de Internet [https:\/\/fibes.es] (en adelante, el \u201cSitio Web\u201d) es propiedad y est\u00e1 gestionado por Congresos y turismo de Sevilla, S.A (en adelante la \u201cSociedad\u201d o \u201cContursa\u201d), cuyos datos a efectos del cumplimiento de las obligaciones comprendidas [&hellip;]<\/p>\n","protected":false},"author":23,"featured_media":1468,"parent":0,"menu_order":0,"comment_status":"closed","ping_status":"closed","template":"","meta":{"footnotes":""},"class_list":["post-1835","page","type-page","status-publish","has-post-thumbnail","hentry"],"acf":[],"yoast_head":"<!-- This site is optimized with the Yoast SEO plugin v27.4 - https:\/\/yoast.com\/product\/yoast-seo-wordpress\/ -->\n<title>Legal notice - Contrataci&oacute;n - Sevilla City Office<\/title>\n<meta name=\"robots\" content=\"index, follow, max-snippet:-1, max-image-preview:large, max-video-preview:-1\" \/>\n<link rel=\"canonical\" href=\"https:\/\/contratacion.sevillacityoffice.es\/en\/legal-notice\/\" \/>\n<meta property=\"og:locale\" content=\"en_US\" \/>\n<meta property=\"og:type\" content=\"article\" \/>\n<meta property=\"og:title\" content=\"Legal notice - Contrataci&oacute;n - Sevilla City Office\" \/>\n<meta property=\"og:description\" content=\"I &#8211; TITULAR DEL SITIO WEB Y PRESTADOR DE SERVICIOS DE LA SOCIEDAD DE LA INFORMACI\u00d3N El Sitio Web de Internet [https:\/\/fibes.es] (en adelante, el \u201cSitio Web\u201d) es propiedad y est\u00e1 gestionado por Congresos y turismo de Sevilla, S.A (en adelante la \u201cSociedad\u201d o \u201cContursa\u201d), cuyos datos a efectos del cumplimiento de las obligaciones comprendidas [&hellip;]\" \/>\n<meta property=\"og:url\" content=\"https:\/\/contratacion.sevillacityoffice.es\/en\/legal-notice\/\" \/>\n<meta property=\"og:site_name\" content=\"Contrataci&oacute;n - Sevilla City Office\" \/>\n<meta property=\"article:modified_time\" content=\"2022-06-20T16:10:49+00:00\" \/>\n<meta property=\"og:image\" content=\"https:\/\/contratacion.sevillacityoffice.es\/wp-content\/uploads\/2022\/04\/slider-frases-1.jpg\" \/>\n\t<meta property=\"og:image:width\" content=\"1920\" \/>\n\t<meta property=\"og:image:height\" content=\"920\" \/>\n\t<meta property=\"og:image:type\" content=\"image\/jpeg\" \/>\n<meta name=\"twitter:card\" content=\"summary_large_image\" \/>\n<meta name=\"twitter:label1\" content=\"Est. reading time\" \/>\n\t<meta name=\"twitter:data1\" content=\"6 minutes\" \/>\n<script type=\"application\/ld+json\" class=\"yoast-schema-graph\">{\"@context\":\"https:\\\/\\\/schema.org\",\"@graph\":[{\"@type\":\"WebPage\",\"@id\":\"https:\\\/\\\/contratacion.sevillacityoffice.es\\\/en\\\/legal-notice\\\/\",\"url\":\"https:\\\/\\\/contratacion.sevillacityoffice.es\\\/en\\\/legal-notice\\\/\",\"name\":\"Legal notice - Contrataci&oacute;n - Sevilla City Office\",\"isPartOf\":{\"@id\":\"https:\\\/\\\/contratacion.sevillacityoffice.es\\\/#website\"},\"primaryImageOfPage\":{\"@id\":\"https:\\\/\\\/contratacion.sevillacityoffice.es\\\/en\\\/legal-notice\\\/#primaryimage\"},\"image\":{\"@id\":\"https:\\\/\\\/contratacion.sevillacityoffice.es\\\/en\\\/legal-notice\\\/#primaryimage\"},\"thumbnailUrl\":\"https:\\\/\\\/contratacion.sevillacityoffice.es\\\/wp-content\\\/uploads\\\/2022\\\/04\\\/slider-frases-1.jpg\",\"datePublished\":\"2022-04-12T13:06:12+00:00\",\"dateModified\":\"2022-06-20T16:10:49+00:00\",\"breadcrumb\":{\"@id\":\"https:\\\/\\\/contratacion.sevillacityoffice.es\\\/en\\\/legal-notice\\\/#breadcrumb\"},\"inLanguage\":\"en-US\",\"potentialAction\":[{\"@type\":\"ReadAction\",\"target\":[\"https:\\\/\\\/contratacion.sevillacityoffice.es\\\/en\\\/legal-notice\\\/\"]}]},{\"@type\":\"ImageObject\",\"inLanguage\":\"en-US\",\"@id\":\"https:\\\/\\\/contratacion.sevillacityoffice.es\\\/en\\\/legal-notice\\\/#primaryimage\",\"url\":\"https:\\\/\\\/contratacion.sevillacityoffice.es\\\/wp-content\\\/uploads\\\/2022\\\/04\\\/slider-frases-1.jpg\",\"contentUrl\":\"https:\\\/\\\/contratacion.sevillacityoffice.es\\\/wp-content\\\/uploads\\\/2022\\\/04\\\/slider-frases-1.jpg\",\"width\":1920,\"height\":920},{\"@type\":\"BreadcrumbList\",\"@id\":\"https:\\\/\\\/contratacion.sevillacityoffice.es\\\/en\\\/legal-notice\\\/#breadcrumb\",\"itemListElement\":[{\"@type\":\"ListItem\",\"position\":1,\"name\":\"Portada\",\"item\":\"https:\\\/\\\/contratacion.sevillacityoffice.es\\\/en\\\/contractor-profile\\\/\"},{\"@type\":\"ListItem\",\"position\":2,\"name\":\"Legal notice\"}]},{\"@type\":\"WebSite\",\"@id\":\"https:\\\/\\\/contratacion.sevillacityoffice.es\\\/#website\",\"url\":\"https:\\\/\\\/contratacion.sevillacityoffice.es\\\/\",\"name\":\"Contrataci&oacute;n - Sevilla City Office\",\"description\":\"Contrataci&oacute;n - Sevilla City Office\",\"publisher\":{\"@id\":\"https:\\\/\\\/contratacion.sevillacityoffice.es\\\/#organization\"},\"potentialAction\":[{\"@type\":\"SearchAction\",\"target\":{\"@type\":\"EntryPoint\",\"urlTemplate\":\"https:\\\/\\\/contratacion.sevillacityoffice.es\\\/?s={search_term_string}\"},\"query-input\":{\"@type\":\"PropertyValueSpecification\",\"valueRequired\":true,\"valueName\":\"search_term_string\"}}],\"inLanguage\":\"en-US\"},{\"@type\":\"Organization\",\"@id\":\"https:\\\/\\\/contratacion.sevillacityoffice.es\\\/#organization\",\"name\":\"Contrataci&oacute;n - Sevilla City Office\",\"url\":\"https:\\\/\\\/contratacion.sevillacityoffice.es\\\/\",\"logo\":{\"@type\":\"ImageObject\",\"inLanguage\":\"en-US\",\"@id\":\"https:\\\/\\\/contratacion.sevillacityoffice.es\\\/#\\\/schema\\\/logo\\\/image\\\/\",\"url\":\"https:\\\/\\\/contratacion.sevillacityoffice.es\\\/wp-content\\\/uploads\\\/2023\\\/02\\\/logo-sco-b.png\",\"contentUrl\":\"https:\\\/\\\/contratacion.sevillacityoffice.es\\\/wp-content\\\/uploads\\\/2023\\\/02\\\/logo-sco-b.png\",\"width\":142,\"height\":119,\"caption\":\"Contrataci&oacute;n - Sevilla City Office\"},\"image\":{\"@id\":\"https:\\\/\\\/contratacion.sevillacityoffice.es\\\/#\\\/schema\\\/logo\\\/image\\\/\"}}]}<\/script>\n<!-- \/ Yoast SEO plugin. -->","yoast_head_json":{"title":"Legal notice - Contrataci&oacute;n - Sevilla City Office","robots":{"index":"index","follow":"follow","max-snippet":"max-snippet:-1","max-image-preview":"max-image-preview:large","max-video-preview":"max-video-preview:-1"},"canonical":"https:\/\/contratacion.sevillacityoffice.es\/en\/legal-notice\/","og_locale":"en_US","og_type":"article","og_title":"Legal notice - Contrataci&oacute;n - Sevilla City Office","og_description":"I &#8211; TITULAR DEL SITIO WEB Y PRESTADOR DE SERVICIOS DE LA SOCIEDAD DE LA INFORMACI\u00d3N El Sitio Web de Internet [https:\/\/fibes.es] (en adelante, el \u201cSitio Web\u201d) es propiedad y est\u00e1 gestionado por Congresos y turismo de Sevilla, S.A (en adelante la \u201cSociedad\u201d o \u201cContursa\u201d), cuyos datos a efectos del cumplimiento de las obligaciones comprendidas [&hellip;]","og_url":"https:\/\/contratacion.sevillacityoffice.es\/en\/legal-notice\/","og_site_name":"Contrataci&oacute;n - Sevilla City Office","article_modified_time":"2022-06-20T16:10:49+00:00","og_image":[{"width":1920,"height":920,"url":"https:\/\/contratacion.sevillacityoffice.es\/wp-content\/uploads\/2022\/04\/slider-frases-1.jpg","type":"image\/jpeg"}],"twitter_card":"summary_large_image","twitter_misc":{"Est. reading time":"6 minutes"},"schema":{"@context":"https:\/\/schema.org","@graph":[{"@type":"WebPage","@id":"https:\/\/contratacion.sevillacityoffice.es\/en\/legal-notice\/","url":"https:\/\/contratacion.sevillacityoffice.es\/en\/legal-notice\/","name":"Legal notice - Contrataci&oacute;n - Sevilla City Office","isPartOf":{"@id":"https:\/\/contratacion.sevillacityoffice.es\/#website"},"primaryImageOfPage":{"@id":"https:\/\/contratacion.sevillacityoffice.es\/en\/legal-notice\/#primaryimage"},"image":{"@id":"https:\/\/contratacion.sevillacityoffice.es\/en\/legal-notice\/#primaryimage"},"thumbnailUrl":"https:\/\/contratacion.sevillacityoffice.es\/wp-content\/uploads\/2022\/04\/slider-frases-1.jpg","datePublished":"2022-04-12T13:06:12+00:00","dateModified":"2022-06-20T16:10:49+00:00","breadcrumb":{"@id":"https:\/\/contratacion.sevillacityoffice.es\/en\/legal-notice\/#breadcrumb"},"inLanguage":"en-US","potentialAction":[{"@type":"ReadAction","target":["https:\/\/contratacion.sevillacityoffice.es\/en\/legal-notice\/"]}]},{"@type":"ImageObject","inLanguage":"en-US","@id":"https:\/\/contratacion.sevillacityoffice.es\/en\/legal-notice\/#primaryimage","url":"https:\/\/contratacion.sevillacityoffice.es\/wp-content\/uploads\/2022\/04\/slider-frases-1.jpg","contentUrl":"https:\/\/contratacion.sevillacityoffice.es\/wp-content\/uploads\/2022\/04\/slider-frases-1.jpg","width":1920,"height":920},{"@type":"BreadcrumbList","@id":"https:\/\/contratacion.sevillacityoffice.es\/en\/legal-notice\/#breadcrumb","itemListElement":[{"@type":"ListItem","position":1,"name":"Portada","item":"https:\/\/contratacion.sevillacityoffice.es\/en\/contractor-profile\/"},{"@type":"ListItem","position":2,"name":"Legal notice"}]},{"@type":"WebSite","@id":"https:\/\/contratacion.sevillacityoffice.es\/#website","url":"https:\/\/contratacion.sevillacityoffice.es\/","name":"Contrataci&oacute;n - Sevilla City Office","description":"Contrataci&oacute;n - Sevilla City Office","publisher":{"@id":"https:\/\/contratacion.sevillacityoffice.es\/#organization"},"potentialAction":[{"@type":"SearchAction","target":{"@type":"EntryPoint","urlTemplate":"https:\/\/contratacion.sevillacityoffice.es\/?s={search_term_string}"},"query-input":{"@type":"PropertyValueSpecification","valueRequired":true,"valueName":"search_term_string"}}],"inLanguage":"en-US"},{"@type":"Organization","@id":"https:\/\/contratacion.sevillacityoffice.es\/#organization","name":"Contrataci&oacute;n - Sevilla City Office","url":"https:\/\/contratacion.sevillacityoffice.es\/","logo":{"@type":"ImageObject","inLanguage":"en-US","@id":"https:\/\/contratacion.sevillacityoffice.es\/#\/schema\/logo\/image\/","url":"https:\/\/contratacion.sevillacityoffice.es\/wp-content\/uploads\/2023\/02\/logo-sco-b.png","contentUrl":"https:\/\/contratacion.sevillacityoffice.es\/wp-content\/uploads\/2023\/02\/logo-sco-b.png","width":142,"height":119,"caption":"Contrataci&oacute;n - Sevilla City Office"},"image":{"@id":"https:\/\/contratacion.sevillacityoffice.es\/#\/schema\/logo\/image\/"}}]}},"_links":{"self":[{"href":"https:\/\/contratacion.sevillacityoffice.es\/en\/wp-json\/wp\/v2\/pages\/1835","targetHints":{"allow":["GET"]}}],"collection":[{"href":"https:\/\/contratacion.sevillacityoffice.es\/en\/wp-json\/wp\/v2\/pages"}],"about":[{"href":"https:\/\/contratacion.sevillacityoffice.es\/en\/wp-json\/wp\/v2\/types\/page"}],"author":[{"embeddable":true,"href":"https:\/\/contratacion.sevillacityoffice.es\/en\/wp-json\/wp\/v2\/users\/23"}],"replies":[{"embeddable":true,"href":"https:\/\/contratacion.sevillacityoffice.es\/en\/wp-json\/wp\/v2\/comments?post=1835"}],"version-history":[{"count":0,"href":"https:\/\/contratacion.sevillacityoffice.es\/en\/wp-json\/wp\/v2\/pages\/1835\/revisions"}],"wp:featuredmedia":[{"embeddable":true,"href":"https:\/\/contratacion.sevillacityoffice.es\/en\/wp-json\/wp\/v2\/media\/1468"}],"wp:attachment":[{"href":"https:\/\/contratacion.sevillacityoffice.es\/en\/wp-json\/wp\/v2\/media?parent=1835"}],"curies":[{"name":"wp","href":"https:\/\/api.w.org\/{rel}","templated":true}]}}